{"id":27596,"date":"2020-04-14T17:24:40","date_gmt":"2020-04-14T15:24:40","guid":{"rendered":"http:\/\/www.psib-psoe.org\/eivissa\/?page_id=27596"},"modified":"2025-07-29T12:41:55","modified_gmt":"2025-07-29T10:41:55","slug":"comissio-executiva-fse-psoe","status":"publish","type":"page","link":"https:\/\/www.psib-psoe.org\/eivissa\/fse\/comissio-executiva-fse-psoe\/","title":{"rendered":"Comissi\u00f3 Executiva FSE-PSOE"},"content":{"rendered":"<div class=\"wpb-content-wrapper\">[vc_row][vc_column][vc_column_text]\n<h2><strong>Comissi\u00f3 Executiva FSE-PSOE<\/strong><\/h2>\n[\/vc_column_text][vc_empty_space][vc_separator color=&#8221;custom&#8221; align=&#8221;align_left&#8221; border_width=&#8221;3&#8243; el_width=&#8221;10&#8243; accent_color=&#8221;#e30613&#8243;][vc_empty_space][vc_single_image image=&#8221;41090&#8243; img_size=&#8221;full&#8221; alignment=&#8221;center&#8221; css_animation=&#8221;fadeIn&#8221; css=&#8221;&#8221;][\/vc_column][\/vc_row][vc_row][vc_column][\/vc_column][\/vc_row][vc_row][vc_column][vc_column_text css=&#8221;&#8221;]\n<table>\n<thead>\n<tr>\n<th>COMISSI\u00d3 EXECUTIVA<\/th>\n<th>Federaci\u00f3 Socialista d&#8217;Eivissa<\/th>\n<\/tr>\n<\/thead>\n<tbody>\n<tr>\n<td><strong>Presid\u00e8ncia<\/strong><\/td>\n<td>Lurdes Costa Torres<\/td>\n<\/tr>\n<tr>\n<td><strong>Secretaria General<\/strong><\/td>\n<td>Vicent Rosell\u00f3 Ribas<\/td>\n<\/tr>\n<tr>\n<td><strong>Secretaria d\u2019Organitzaci\u00f3<\/strong><\/td>\n<td>Milena Herrera Garc\u00eda<\/td>\n<\/tr>\n<tr>\n<td><strong>Portaveu<\/strong><\/td>\n<td>Pilar Costa Serra<\/td>\n<\/tr>\n<tr>\n<td><strong>Secretaria de Pol\u00edtica Institucional i Acci\u00f3 Electoral<\/strong><\/td>\n<td>Irantzu Fern\u00e1ndez Prieto<\/td>\n<\/tr>\n<tr>\n<td><strong>Secretaria d\u2019Igualtat<\/strong><\/td>\n<td>Pilar Ribas Torres<\/td>\n<\/tr>\n<tr>\n<td><strong>Secretaria de Turisme, Treball i Model Econ\u00f2mic<\/strong><\/td>\n<td>Marco Antonio Guerrero Moreno<\/td>\n<\/tr>\n<tr>\n<td><strong>Secretaria de Salut<\/strong><\/td>\n<td>Estela Terrer Hern\u00e1ndez<\/td>\n<\/tr>\n<tr>\n<td><strong>Secretaria d\u2019Educaci\u00f3<\/strong><\/td>\n<td>Jos\u00e9 Alejandro Pitaluga Ivorra<\/td>\n<\/tr>\n<tr>\n<td><strong>Secretaria de Drets Socials i Participaci\u00f3 Ciutadana<\/strong><\/td>\n<td>Carmen Boned Verdera<\/td>\n<\/tr>\n<tr>\n<td><strong>Secretaria d\u2019Habitatge i Territori<\/strong><\/td>\n<td>Lluc Guillem Palerm Serra<\/td>\n<\/tr>\n<tr>\n<td><strong>Secretaria de Protecci\u00f3 i Benestar Animal<\/strong><\/td>\n<td>Marina Morales Costa<\/td>\n<\/tr>\n<tr>\n<td><strong>Secretaria de Medi Ambient, Agricultura i Mobilitat Sostenible<\/strong><\/td>\n<td>V\u00edctor Torres P\u00e9rez<\/td>\n<\/tr>\n<tr>\n<td><strong>Secretaria de Formaci\u00f3 i Esports<\/strong><\/td>\n<td>Micaela Comendeiro Maaloe<\/td>\n<\/tr>\n<tr>\n<td><strong>Secretaria de Diversitat i Pol\u00edtiques LGTBI<\/strong><\/td>\n<td>Alan Ripoll Ribas<\/td>\n<\/tr>\n<tr>\n<td><strong>Secretaria de Cultura, Patrimoni i Mem\u00f2ria Democr\u00e0tica<\/strong><\/td>\n<td>I\u00f1aki de Erostegui Aznar<\/td>\n<\/tr>\n<tr>\n<td><strong>Vocal<\/strong><\/td>\n<td>Jos\u00e9 Torres Torres \u2018Peret\u2019<\/td>\n<\/tr>\n<tr>\n<td><strong>Vocal<\/strong><\/td>\n<td>A\u00edda Alcaraz Mart\u00ednez<\/td>\n<\/tr>\n<tr>\n<td><strong>Vocal<\/strong><\/td>\n<td>Iv\u00e1n Torres Costa<\/td>\n<\/tr>\n<tr>\n<td><strong>Vocal<\/strong><\/td>\n<td>Francisco Mu\u00f1oz Cuevas<\/td>\n<\/tr>\n<\/tbody>\n<\/table>\n[\/vc_column_text][\/vc_column][\/vc_row]\n<\/div>","protected":false},"excerpt":{"rendered":"<p>[vc_row][vc_column][vc_column_text] Comissi\u00f3 Executiva FSE-PSOE [\/vc_column_text][vc_empty_space][vc_separator color=&#8221;custom&#8221; align=&#8221;align_left&#8221; border_width=&#8221;3&#8243; el_width=&#8221;10&#8243; accent_color=&#8221;#e30613&#8243;][vc_empty_space][vc_single_image image=&#8221;41090&#8243; img_size=&#8221;full&#8221; alignment=&#8221;center&#8221; css_animation=&#8221;fadeIn&#8221; css=&#8221;&#8221;][\/vc_column][\/vc_row][vc_row][vc_column][\/vc_column][\/vc_row][vc_row][vc_column][vc_column_text css=&#8221;&#8221;] COMISSI\u00d3 EXECUTIVA Federaci\u00f3 Socialista d&#8217;Eivissa Presid\u00e8ncia Lurdes Costa Torres Secretaria General Vicent Rosell\u00f3 Ribas Secretaria d\u2019Organitzaci\u00f3 Milena Herrera Garc\u00eda Portaveu Pilar Costa Serra Secretaria de Pol\u00edtica Institucional i Acci\u00f3 Electoral Irantzu Fern\u00e1ndez Prieto Secretaria d\u2019Igualtat Pilar Ribas Torres Secretaria&hellip;<\/p>\n","protected":false},"author":7,"featured_media":0,"parent":22972,"menu_order":0,"comment_status":"closed","ping_status":"closed","template":"","meta":{"footnotes":""},"class_list":["post-27596","page","type-page","status-publish","hentry"],"yoast_head":"<!-- This site is optimized with the Yoast SEO plugin v26.9 - https:\/\/yoast.com\/product\/yoast-seo-wordpress\/ -->\n<title>Comissi\u00f3 Executiva FSE-PSOE - Federaci\u00f3 Socialista d&#039;Eivissa<\/title>\n<meta name=\"robots\" content=\"index, follow, max-snippet:-1, max-image-preview:large, max-video-preview:-1\" \/>\n<link rel=\"canonical\" href=\"https:\/\/www.psib-psoe.org\/eivissa\/fse\/comissio-executiva-fse-psoe\/\" \/>\n<meta property=\"og:locale\" content=\"ca_ES\" \/>\n<meta property=\"og:type\" content=\"article\" \/>\n<meta property=\"og:title\" content=\"Comissi\u00f3 Executiva FSE-PSOE - Federaci\u00f3 Socialista d&#039;Eivissa\" \/>\n<meta property=\"og:description\" content=\"[vc_row][vc_column][vc_column_text] Comissi\u00f3 Executiva FSE-PSOE [\/vc_column_text][vc_empty_space][vc_separator color=&#8221;custom&#8221; align=&#8221;align_left&#8221; border_width=&#8221;3&#8243; el_width=&#8221;10&#8243; accent_color=&#8221;#e30613&#8243;][vc_empty_space][vc_single_image image=&#8221;41090&#8243; img_size=&#8221;full&#8221; alignment=&#8221;center&#8221; css_animation=&#8221;fadeIn&#8221; css=&#8221;&#8221;][\/vc_column][\/vc_row][vc_row][vc_column][\/vc_column][\/vc_row][vc_row][vc_column][vc_column_text css=&#8221;&#8221;] COMISSI\u00d3 EXECUTIVA Federaci\u00f3 Socialista d&#8217;Eivissa Presid\u00e8ncia Lurdes Costa Torres Secretaria General Vicent Rosell\u00f3 Ribas Secretaria d\u2019Organitzaci\u00f3 Milena Herrera Garc\u00eda Portaveu Pilar Costa Serra Secretaria de Pol\u00edtica Institucional i Acci\u00f3 Electoral Irantzu Fern\u00e1ndez Prieto Secretaria d\u2019Igualtat Pilar Ribas Torres Secretaria&hellip;\" \/>\n<meta property=\"og:url\" content=\"https:\/\/www.psib-psoe.org\/eivissa\/fse\/comissio-executiva-fse-psoe\/\" \/>\n<meta property=\"og:site_name\" content=\"Federaci\u00f3 Socialista d&#039;Eivissa\" \/>\n<meta property=\"article:modified_time\" content=\"2025-07-29T10:41:55+00:00\" \/>\n<meta name=\"twitter:card\" content=\"summary_large_image\" \/>\n<meta name=\"twitter:label1\" content=\"Temps estimat de lectura\" \/>\n\t<meta name=\"twitter:data1\" content=\"1 minut\" \/>\n<script type=\"application\/ld+json\" class=\"yoast-schema-graph\">{\"@context\":\"https:\/\/schema.org\",\"@graph\":[{\"@type\":\"WebPage\",\"@id\":\"https:\/\/www.psib-psoe.org\/eivissa\/fse\/comissio-executiva-fse-psoe\/\",\"url\":\"https:\/\/www.psib-psoe.org\/eivissa\/fse\/comissio-executiva-fse-psoe\/\",\"name\":\"Comissi\u00f3 Executiva FSE-PSOE - Federaci\u00f3 Socialista d&#039;Eivissa\",\"isPartOf\":{\"@id\":\"https:\/\/www.psib-psoe.org\/eivissa\/#website\"},\"datePublished\":\"2020-04-14T15:24:40+00:00\",\"dateModified\":\"2025-07-29T10:41:55+00:00\",\"breadcrumb\":{\"@id\":\"https:\/\/www.psib-psoe.org\/eivissa\/fse\/comissio-executiva-fse-psoe\/#breadcrumb\"},\"inLanguage\":\"ca\",\"potentialAction\":[{\"@type\":\"ReadAction\",\"target\":[\"https:\/\/www.psib-psoe.org\/eivissa\/fse\/comissio-executiva-fse-psoe\/\"]}]},{\"@type\":\"BreadcrumbList\",\"@id\":\"https:\/\/www.psib-psoe.org\/eivissa\/fse\/comissio-executiva-fse-psoe\/#breadcrumb\",\"itemListElement\":[{\"@type\":\"ListItem\",\"position\":1,\"name\":\"Inici\",\"item\":\"https:\/\/www.psib-psoe.org\/eivissa\/\"},{\"@type\":\"ListItem\",\"position\":2,\"name\":\"Federaci\u00f3 Socialista d&#8217;Eivissa\",\"item\":\"https:\/\/www.psib-psoe.org\/eivissa\/fse\/\"},{\"@type\":\"ListItem\",\"position\":3,\"name\":\"Comissi\u00f3 Executiva FSE-PSOE\"}]},{\"@type\":\"WebSite\",\"@id\":\"https:\/\/www.psib-psoe.org\/eivissa\/#website\",\"url\":\"https:\/\/www.psib-psoe.org\/eivissa\/\",\"name\":\"Federaci\u00f3 Socialista d'Eivissa\",\"description\":\"Socialistes d&#039;Eivissa\",\"publisher\":{\"@id\":\"https:\/\/www.psib-psoe.org\/eivissa\/#organization\"},\"potentialAction\":[{\"@type\":\"SearchAction\",\"target\":{\"@type\":\"EntryPoint\",\"urlTemplate\":\"https:\/\/www.psib-psoe.org\/eivissa\/?s={search_term_string}\"},\"query-input\":{\"@type\":\"PropertyValueSpecification\",\"valueRequired\":true,\"valueName\":\"search_term_string\"}}],\"inLanguage\":\"ca\"},{\"@type\":\"Organization\",\"@id\":\"https:\/\/www.psib-psoe.org\/eivissa\/#organization\",\"name\":\"Federaci\u00f3 Socialista d'Eivissa\",\"url\":\"https:\/\/www.psib-psoe.org\/eivissa\/\",\"logo\":{\"@type\":\"ImageObject\",\"inLanguage\":\"ca\",\"@id\":\"https:\/\/www.psib-psoe.org\/eivissa\/#\/schema\/logo\/image\/\",\"url\":\"https:\/\/www.psib-psoe.org\/eivissa\/wp-content\/uploads\/LOGO-FSE-SOCIALISTA-DEIVISSA-HORI.png\",\"contentUrl\":\"https:\/\/www.psib-psoe.org\/eivissa\/wp-content\/uploads\/LOGO-FSE-SOCIALISTA-DEIVISSA-HORI.png\",\"width\":6000,\"height\":3104,\"caption\":\"Federaci\u00f3 Socialista d'Eivissa\"},\"image\":{\"@id\":\"https:\/\/www.psib-psoe.org\/eivissa\/#\/schema\/logo\/image\/\"}}]}<\/script>\n<!-- \/ Yoast SEO plugin. -->","yoast_head_json":{"title":"Comissi\u00f3 Executiva FSE-PSOE - Federaci\u00f3 Socialista d&#039;Eivissa","robots":{"index":"index","follow":"follow","max-snippet":"max-snippet:-1","max-image-preview":"max-image-preview:large","max-video-preview":"max-video-preview:-1"},"canonical":"https:\/\/www.psib-psoe.org\/eivissa\/fse\/comissio-executiva-fse-psoe\/","og_locale":"ca_ES","og_type":"article","og_title":"Comissi\u00f3 Executiva FSE-PSOE - Federaci\u00f3 Socialista d&#039;Eivissa","og_description":"[vc_row][vc_column][vc_column_text] Comissi\u00f3 Executiva FSE-PSOE [\/vc_column_text][vc_empty_space][vc_separator color=&#8221;custom&#8221; align=&#8221;align_left&#8221; border_width=&#8221;3&#8243; el_width=&#8221;10&#8243; accent_color=&#8221;#e30613&#8243;][vc_empty_space][vc_single_image image=&#8221;41090&#8243; img_size=&#8221;full&#8221; alignment=&#8221;center&#8221; css_animation=&#8221;fadeIn&#8221; css=&#8221;&#8221;][\/vc_column][\/vc_row][vc_row][vc_column][\/vc_column][\/vc_row][vc_row][vc_column][vc_column_text css=&#8221;&#8221;] COMISSI\u00d3 EXECUTIVA Federaci\u00f3 Socialista d&#8217;Eivissa Presid\u00e8ncia Lurdes Costa Torres Secretaria General Vicent Rosell\u00f3 Ribas Secretaria d\u2019Organitzaci\u00f3 Milena Herrera Garc\u00eda Portaveu Pilar Costa Serra Secretaria de Pol\u00edtica Institucional i Acci\u00f3 Electoral Irantzu Fern\u00e1ndez Prieto Secretaria d\u2019Igualtat Pilar Ribas Torres Secretaria&hellip;","og_url":"https:\/\/www.psib-psoe.org\/eivissa\/fse\/comissio-executiva-fse-psoe\/","og_site_name":"Federaci\u00f3 Socialista d&#039;Eivissa","article_modified_time":"2025-07-29T10:41:55+00:00","twitter_card":"summary_large_image","twitter_misc":{"Temps estimat de lectura":"1 minut"},"schema":{"@context":"https:\/\/schema.org","@graph":[{"@type":"WebPage","@id":"https:\/\/www.psib-psoe.org\/eivissa\/fse\/comissio-executiva-fse-psoe\/","url":"https:\/\/www.psib-psoe.org\/eivissa\/fse\/comissio-executiva-fse-psoe\/","name":"Comissi\u00f3 Executiva FSE-PSOE - Federaci\u00f3 Socialista d&#039;Eivissa","isPartOf":{"@id":"https:\/\/www.psib-psoe.org\/eivissa\/#website"},"datePublished":"2020-04-14T15:24:40+00:00","dateModified":"2025-07-29T10:41:55+00:00","breadcrumb":{"@id":"https:\/\/www.psib-psoe.org\/eivissa\/fse\/comissio-executiva-fse-psoe\/#breadcrumb"},"inLanguage":"ca","potentialAction":[{"@type":"ReadAction","target":["https:\/\/www.psib-psoe.org\/eivissa\/fse\/comissio-executiva-fse-psoe\/"]}]},{"@type":"BreadcrumbList","@id":"https:\/\/www.psib-psoe.org\/eivissa\/fse\/comissio-executiva-fse-psoe\/#breadcrumb","itemListElement":[{"@type":"ListItem","position":1,"name":"Inici","item":"https:\/\/www.psib-psoe.org\/eivissa\/"},{"@type":"ListItem","position":2,"name":"Federaci\u00f3 Socialista d&#8217;Eivissa","item":"https:\/\/www.psib-psoe.org\/eivissa\/fse\/"},{"@type":"ListItem","position":3,"name":"Comissi\u00f3 Executiva FSE-PSOE"}]},{"@type":"WebSite","@id":"https:\/\/www.psib-psoe.org\/eivissa\/#website","url":"https:\/\/www.psib-psoe.org\/eivissa\/","name":"Federaci\u00f3 Socialista d'Eivissa","description":"Socialistes d&#039;Eivissa","publisher":{"@id":"https:\/\/www.psib-psoe.org\/eivissa\/#organization"},"potentialAction":[{"@type":"SearchAction","target":{"@type":"EntryPoint","urlTemplate":"https:\/\/www.psib-psoe.org\/eivissa\/?s={search_term_string}"},"query-input":{"@type":"PropertyValueSpecification","valueRequired":true,"valueName":"search_term_string"}}],"inLanguage":"ca"},{"@type":"Organization","@id":"https:\/\/www.psib-psoe.org\/eivissa\/#organization","name":"Federaci\u00f3 Socialista d'Eivissa","url":"https:\/\/www.psib-psoe.org\/eivissa\/","logo":{"@type":"ImageObject","inLanguage":"ca","@id":"https:\/\/www.psib-psoe.org\/eivissa\/#\/schema\/logo\/image\/","url":"https:\/\/www.psib-psoe.org\/eivissa\/wp-content\/uploads\/LOGO-FSE-SOCIALISTA-DEIVISSA-HORI.png","contentUrl":"https:\/\/www.psib-psoe.org\/eivissa\/wp-content\/uploads\/LOGO-FSE-SOCIALISTA-DEIVISSA-HORI.png","width":6000,"height":3104,"caption":"Federaci\u00f3 Socialista d'Eivissa"},"image":{"@id":"https:\/\/www.psib-psoe.org\/eivissa\/#\/schema\/logo\/image\/"}}]}},"_links":{"self":[{"href":"https:\/\/www.psib-psoe.org\/eivissa\/wp-json\/wp\/v2\/pages\/27596","targetHints":{"allow":["GET"]}}],"collection":[{"href":"https:\/\/www.psib-psoe.org\/eivissa\/wp-json\/wp\/v2\/pages"}],"about":[{"href":"https:\/\/www.psib-psoe.org\/eivissa\/wp-json\/wp\/v2\/types\/page"}],"author":[{"embeddable":true,"href":"https:\/\/www.psib-psoe.org\/eivissa\/wp-json\/wp\/v2\/users\/7"}],"replies":[{"embeddable":true,"href":"https:\/\/www.psib-psoe.org\/eivissa\/wp-json\/wp\/v2\/comments?post=27596"}],"version-history":[{"count":7,"href":"https:\/\/www.psib-psoe.org\/eivissa\/wp-json\/wp\/v2\/pages\/27596\/revisions"}],"predecessor-version":[{"id":41091,"href":"https:\/\/www.psib-psoe.org\/eivissa\/wp-json\/wp\/v2\/pages\/27596\/revisions\/41091"}],"up":[{"embeddable":true,"href":"https:\/\/www.psib-psoe.org\/eivissa\/wp-json\/wp\/v2\/pages\/22972"}],"wp:attachment":[{"href":"https:\/\/www.psib-psoe.org\/eivissa\/wp-json\/wp\/v2\/media?parent=27596"}],"curies":[{"name":"wp","href":"https:\/\/api.w.org\/{rel}","templated":true}]}}