{"id":27296,"date":"2023-02-08T14:13:05","date_gmt":"2023-02-08T12:13:05","guid":{"rendered":"http:\/\/www.psib-psoe.org\/mallorca\/?page_id=27296"},"modified":"2023-04-04T15:46:38","modified_gmt":"2023-04-04T13:46:38","slug":"convencio-mallorca-2030","status":"publish","type":"page","link":"https:\/\/www.psib-psoe.org\/mallorca\/convencio-mallorca-2030\/","title":{"rendered":"Convenci\u00f3 Mallorca 2030"},"content":{"rendered":"<div class=\"wpb-content-wrapper\">[vc_row][vc_column][vc_single_image image=&#8221;27478&#8243; img_size=&#8221;6912&#215;3456&#8243;][\/vc_column][\/vc_row][vc_row][vc_column][vc_empty_space height=&#8221;60px&#8221;][vc_video link=&#8221;https:\/\/www.youtube.com\/watch?v=sSrFOZpS8no&#8221;][vc_empty_space][\/vc_column][\/vc_row][vc_row][vc_column][vc_empty_space height=&#8221;60px&#8221;][vc_video link=&#8221;https:\/\/www.youtube.com\/watch?v=w9_sdqWpFbU&#8221;][vc_empty_space][\/vc_column][\/vc_row][vc_row thb_full_width=&#8221;true&#8221; thb_row_padding=&#8221;true&#8221; css=&#8221;.vc_custom_1680018540776{padding-left: 2% !important;}&#8221;][vc_column width=&#8221;1\/2&#8243;][vc_empty_space height=&#8221;100px&#8221;][vc_column_text]\n<h2 class=\"bold\">Convenci\u00f3 Mallorca 2030<\/h2>\n[\/vc_column_text][vc_separator color=&#8221;custom&#8221; align=&#8221;align_left&#8221; border_width=&#8221;3&#8243; el_width=&#8221;10&#8243; accent_color=&#8221;#e30613&#8243; css=&#8221;.vc_custom_1526645714038{padding-top: 10px !important;}&#8221;][vc_empty_space height=&#8221;20px&#8221;][vc_column_text css=&#8221;.vc_custom_1680615612602{padding-right: 2% !important;padding-left: 2% !important;}&#8221;]Ja fa 8 anys, v\u00e0rem assumir el repte de construir una Mallorca m\u00e9s justa, democr\u00e0tica i inclusiva, iniciant el cam\u00ed del canvi i deixant enrere una de les etapes m\u00e9s fosques que ha viscut aquesta terra. Al llarg d\u2019aquests anys, hem demostrat als diferents governs municipals, insular i auton\u00f2mic, que som l\u2019\u00fanic partit capa\u00e7 de garantir els drets, les llibertats, la igualtat d\u2019oportunitats i el repartiment de riquesa just entre totes les persones que conformen la nostra societat.<\/p>\n<p>L\u2019any 2023, els i les socialistes tornam a afrontar un doble repte. D\u2019una banda, el repte de seguir transformant la nostra societat i de somiar la Mallorca de futur que ens agradaria continuar construint per als nostres fills i filles i, per altra banda, el repte de preservar tots i cadascun dels drets i llibertats conquerides durant aquests darrers anys. Conquestes i futur que es perdran i no existiran si les forces progressistes no governen a Mallorca.<\/p>\n<p>En el proc\u00e9s de la convenci\u00f3 Mallorca 2030, ens hem volgut imaginar com seria aquesta illa quan seguim governant els socialistes, projectant el treball realitzat aquestes darreres dues legislatures durant 8 anys m\u00e9s.<\/p>\n[\/vc_column_text][vc_column_text css=&#8221;.vc_custom_1680018576196{padding-top: 30px !important;padding-left: 2% !important;}&#8221;]#GarantiaDeFutur[\/vc_column_text][vc_empty_space height=&#8221;50px&#8221;][\/vc_column][vc_column width=&#8221;1\/2&#8243; css=&#8221;.vc_custom_1554208123144{padding-top: 20% !important;padding-right: 2% !important;padding-bottom: 20% !important;padding-left: 2% !important;}&#8221;][vc_empty_space][vc_single_image image=&#8221;27475&#8243; img_size=&#8221;full&#8221; alignment=&#8221;center&#8221;][\/vc_column][\/vc_row][vc_row thb_full_width=&#8221;true&#8221; title=&#8221;Hist\u00f3ria PSOE&#8221; style=&#8221;outline-custom&#8221; gradient_color_1=&#8221;turquoise&#8221; gradient_color_2=&#8221;blue&#8221; gradient_custom_color_1=&#8221;#dd3333&#8243; gradient_custom_color_2=&#8221;#eeee22&#8243; gradient_text_color=&#8221;#ffffff&#8221; custom_background=&#8221;#ededed&#8221; custom_text=&#8221;#666666&#8243; outline_custom_color=&#8221;#e30613&#8243; outline_custom_hover_background=&#8221;#e30613&#8243; outline_custom_hover_text=&#8221;#ffffff&#8221; shape=&#8221;square&#8221; color=&#8221;grey&#8221; size=&#8221;md&#8221; align=&#8221;center&#8221; button_block=&#8221;true&#8221; add_icon=&#8221;true&#8221; i_align=&#8221;left&#8221; i_type=&#8221;fontawesome&#8221; i_icon_fontawesome=&#8221;fa fa-plus&#8221; i_icon_openiconic=&#8221;vc-oi vc-oi-dial&#8221; i_icon_typicons=&#8221;typcn typcn-adjust-brightness&#8221; i_icon_entypo=&#8221;entypo-icon entypo-icon-note&#8221; i_icon_linecons=&#8221;vc_li vc_li-heart&#8221; i_icon_monosocial=&#8221;vc-mono vc-mono-fivehundredpx&#8221; i_icon_material=&#8221;vc-material vc-material-cake&#8221; i_icon_pixelicons=&#8221;vc_pixel_icon vc_pixel_icon-alert&#8221; css_animation=&#8221;&#8221; custom_onclick=&#8221;&#8221; link=&#8221;url:http%3A%2F%2Fweb.psoe.es%2Fambito%2Fhistoriapsoe%2Fdocs%2Findex.do%3Faction%3DView%26id%3D460110||target:%20_blank|&#8221; css=&#8221;.vc_custom_1554208661557{padding-top: 80px !important;padding-bottom: 40px !important;background-color: #f6f6f6 !important;}&#8221; custom_onclick_code=&#8221;&#8221;][vc_column][vc_column_text]\n<h3 style=\"color: #e30613; text-align: center;\">Consulta el Document Marc de la convenci\u00f3 Mallorca 2030.<\/h3>\n[\/vc_column_text][vc_empty_space height=&#8221;60px&#8221;][vc_btn title=&#8221;Consulta el Document Marc&#8221; style=&#8221;outline-custom&#8221; outline_custom_color=&#8221;#e30613&#8243; outline_custom_hover_background=&#8221;#e30613&#8243; outline_custom_hover_text=&#8221;#ffffff&#8221; shape=&#8221;square&#8221; align=&#8221;center&#8221; link=&#8221;url:http%3A%2F%2Fwww.psib-psoe.org%2Fmallorca%2Fwp-content%2Fuploads%2FPSIB_Convencio%CC%81_Mallorca_23_V2.pdf|title:CONVENCI%C3%93%20MALLORCA%202030|target:%20_blank|&#8221; css=&#8221;.vc_custom_1675857935372{padding-bottom: 50px !important;}&#8221;][\/vc_column][\/vc_row][vc_row thb_full_width=&#8221;true&#8221; title=&#8221;Hist\u00f3ria PSOE&#8221; style=&#8221;outline-custom&#8221; gradient_color_1=&#8221;turquoise&#8221; gradient_color_2=&#8221;blue&#8221; gradient_custom_color_1=&#8221;#dd3333&#8243; gradient_custom_color_2=&#8221;#eeee22&#8243; gradient_text_color=&#8221;#ffffff&#8221; custom_background=&#8221;#ededed&#8221; custom_text=&#8221;#666666&#8243; outline_custom_color=&#8221;#e30613&#8243; outline_custom_hover_background=&#8221;#e30613&#8243; outline_custom_hover_text=&#8221;#ffffff&#8221; shape=&#8221;square&#8221; color=&#8221;grey&#8221; size=&#8221;md&#8221; align=&#8221;center&#8221; button_block=&#8221;true&#8221; add_icon=&#8221;true&#8221; i_align=&#8221;left&#8221; i_type=&#8221;fontawesome&#8221; i_icon_fontawesome=&#8221;fa fa-plus&#8221; i_icon_openiconic=&#8221;vc-oi vc-oi-dial&#8221; i_icon_typicons=&#8221;typcn typcn-adjust-brightness&#8221; i_icon_entypo=&#8221;entypo-icon entypo-icon-note&#8221; i_icon_linecons=&#8221;vc_li vc_li-heart&#8221; i_icon_monosocial=&#8221;vc-mono vc-mono-fivehundredpx&#8221; i_icon_material=&#8221;vc-material vc-material-cake&#8221; i_icon_pixelicons=&#8221;vc_pixel_icon vc_pixel_icon-alert&#8221; css_animation=&#8221;&#8221; custom_onclick=&#8221;&#8221; link=&#8221;url:http%3A%2F%2Fweb.psoe.es%2Fambito%2Fhistoriapsoe%2Fdocs%2Findex.do%3Faction%3DView%26id%3D460110||target:%20_blank|&#8221; css=&#8221;.vc_custom_1554208661557{padding-top: 80px !important;padding-bottom: 40px !important;background-color: #f6f6f6 !important;}&#8221; custom_onclick_code=&#8221;&#8221;][vc_column][\/vc_column][\/vc_row][vc_row thb_full_width=&#8221;true&#8221; title=&#8221;Hist\u00f3ria PSOE&#8221; style=&#8221;outline-custom&#8221; gradient_color_1=&#8221;turquoise&#8221; gradient_color_2=&#8221;blue&#8221; gradient_custom_color_1=&#8221;#dd3333&#8243; gradient_custom_color_2=&#8221;#eeee22&#8243; gradient_text_color=&#8221;#ffffff&#8221; custom_background=&#8221;#ededed&#8221; custom_text=&#8221;#666666&#8243; outline_custom_color=&#8221;#e30613&#8243; outline_custom_hover_background=&#8221;#e30613&#8243; outline_custom_hover_text=&#8221;#ffffff&#8221; shape=&#8221;square&#8221; color=&#8221;grey&#8221; size=&#8221;md&#8221; align=&#8221;center&#8221; button_block=&#8221;true&#8221; add_icon=&#8221;true&#8221; i_align=&#8221;left&#8221; i_type=&#8221;fontawesome&#8221; i_icon_fontawesome=&#8221;fa fa-plus&#8221; i_icon_openiconic=&#8221;vc-oi vc-oi-dial&#8221; i_icon_typicons=&#8221;typcn typcn-adjust-brightness&#8221; i_icon_entypo=&#8221;entypo-icon entypo-icon-note&#8221; i_icon_linecons=&#8221;vc_li vc_li-heart&#8221; i_icon_monosocial=&#8221;vc-mono vc-mono-fivehundredpx&#8221; i_icon_material=&#8221;vc-material vc-material-cake&#8221; i_icon_pixelicons=&#8221;vc_pixel_icon vc_pixel_icon-alert&#8221; css_animation=&#8221;&#8221; custom_onclick=&#8221;&#8221; link=&#8221;url:http%3A%2F%2Fweb.psoe.es%2Fambito%2Fhistoriapsoe%2Fdocs%2Findex.do%3Faction%3DView%26id%3D460110||target:%20_blank|&#8221; css=&#8221;.vc_custom_1554208509847{padding-bottom: 40px !important;background-color: #f6f6f6 !important;}&#8221; custom_onclick_code=&#8221;&#8221;][vc_column width=&#8221;1\/3&#8243;][\/vc_column][vc_column width=&#8221;1\/3&#8243;][\/vc_column][vc_column width=&#8221;1\/3&#8243;][\/vc_column][\/vc_row][vc_row css=&#8221;.vc_custom_1680018942805{padding-right: 2% !important;padding-left: 2% !important;}&#8221;][vc_column][vc_empty_space height=&#8221;60px&#8221;][vc_column_text]\n<h2 class=\"bold\">Actes Sectorials de la Convenci\u00f3 Mallorca 2030<\/h2>\n[\/vc_column_text][vc_separator color=&#8221;custom&#8221; align=&#8221;align_left&#8221; border_width=&#8221;3&#8243; el_width=&#8221;10&#8243; accent_color=&#8221;#e30613&#8243; css=&#8221;.vc_custom_1526645714038{padding-top: 10px !important;}&#8221;][vc_empty_space height=&#8221;60px&#8221;][vc_column_text]Per elaborar el document marc de la Confer\u00e8ncia Pol\u00edcia dels Socialistes de Mallorca (Convenci\u00f3 Mallorca 2030) ens v\u00e0rem reunir amb els diferents sectors per con\u00e8ixer de primera m\u00e0 les propostes i reivindicacions que, tot seguit, ens varen ajudar a dibuixar les solucions als reptes dels pr\u00f2xims quatre anys. Mira\u2019ls![\/vc_column_text][\/vc_column][\/vc_row][vc_row css=&#8221;.vc_custom_1680019026955{padding-top: 50px !important;padding-right: 2% !important;padding-left: 2% !important;}&#8221;][vc_column width=&#8221;1\/2&#8243;][vc_column_text css=&#8221;.vc_custom_1680019041260{padding-bottom: 20px !important;}&#8221;]\n<p style=\"color: #e30613; text-align: left;\"><strong>Drets Socials<\/strong><\/p>\n[\/vc_column_text][vc_video link=&#8221;https:\/\/www.youtube.com\/watch?v=9huGC9wAnhs&#8221;][\/vc_column][vc_column width=&#8221;1\/2&#8243;][vc_column_text css=&#8221;.vc_custom_1680273121810{padding-bottom: 20px !important;}&#8221;]\n<p style=\"color: #e30613; text-align: left;\"><strong>Territori\u00a0<\/strong><\/p>\n[\/vc_column_text][vc_video link=&#8221;https:\/\/youtu.be\/JUVqUhsW_H4&#8243;][\/vc_column][\/vc_row][vc_row disable_element=&#8221;yes&#8221; css=&#8221;.vc_custom_1675856392571{padding-top: 50px !important;padding-right: 2% !important;padding-left: 2% !important;}&#8221;][vc_column width=&#8221;1\/3&#8243;][vc_column_text css=&#8221;.vc_custom_1585822477025{padding-bottom: 20px !important;}&#8221;]\n<p style=\"color: #e30613; text-align: left;\"><strong>Habitatge i Mobilitat<\/strong><\/p>\n[\/vc_column_text][vc_video link=&#8221;https:\/\/youtu.be\/eDefGL5Lx_Q&#8221;][\/vc_column][vc_column width=&#8221;1\/3&#8243;][vc_column_text css=&#8221;.vc_custom_1585822486321{padding-bottom: 20px !important;}&#8221;]\n<p style=\"color: #e30613; text-align: left;\"><strong>Salut <\/strong><\/p>\n[\/vc_column_text][vc_video link=&#8221;https:\/\/youtu.be\/cQDM0mJEUYc&#8221;][\/vc_column][vc_column width=&#8221;1\/3&#8243;][vc_column_text css=&#8221;.vc_custom_1554212944304{padding-bottom: 20px !important;}&#8221;]\n<p style=\"color: #e30613; text-align: left;\"><strong>Universitat i Recerca <\/strong><\/p>\n[\/vc_column_text][vc_video link=&#8221;https:\/\/youtu.be\/bN9XSxj-oH0&#8243;][\/vc_column][\/vc_row][vc_row disable_element=&#8221;yes&#8221; css=&#8221;.vc_custom_1675856401847{padding-top: 50px !important;padding-right: 2% !important;padding-left: 2% !important;}&#8221;][vc_column width=&#8221;1\/3&#8243;][vc_column_text css=&#8221;.vc_custom_1588240199356{padding-bottom: 20px !important;}&#8221;]\n<p style=\"color: #e30613; text-align: left;\"><strong>Educaci\u00f3<\/strong><\/p>\n[\/vc_column_text][vc_video link=&#8221;https:\/\/youtu.be\/JgcSQO4WWDE&#8221;][\/vc_column][vc_column width=&#8221;1\/3&#8243;][vc_column_text css=&#8221;.vc_custom_1588240207415{padding-bottom: 20px !important;}&#8221;]\n<p style=\"color: #e30613; text-align: left;\"><strong>Cultura<\/strong><\/p>\n[\/vc_column_text][vc_video link=&#8221;https:\/\/youtu.be\/pcEQsxF_eM0&#8243;][\/vc_column][vc_column width=&#8221;1\/3&#8243;][vc_column_text css=&#8221;.vc_custom_1554212761449{padding-bottom: 20px !important;}&#8221;]\n<p style=\"color: #e30613; text-align: left;\"><strong>Esports<\/strong><\/p>\n[\/vc_column_text][vc_video link=&#8221;https:\/\/youtu.be\/sCBMJ3UQmwg&#8221;][\/vc_column][\/vc_row][vc_row][vc_column][vc_empty_space][\/vc_column][\/vc_row][vc_row][vc_column][\/vc_column][\/vc_row]\n<\/div>","protected":false},"excerpt":{"rendered":"<p>[vc_row][vc_column][vc_single_image image=&#8221;27478&#8243; img_size=&#8221;6912&#215;3456&#8243;][\/vc_column][\/vc_row][vc_row][vc_column][vc_empty_space height=&#8221;60px&#8221;][vc_video link=&#8221;https:\/\/www.youtube.com\/watch?v=sSrFOZpS8no&#8221;][vc_empty_space][\/vc_column][\/vc_row][vc_row][vc_column][vc_empty_space height=&#8221;60px&#8221;][vc_video link=&#8221;https:\/\/www.youtube.com\/watch?v=w9_sdqWpFbU&#8221;][vc_empty_space][\/vc_column][\/vc_row][vc_row thb_full_width=&#8221;true&#8221; thb_row_padding=&#8221;true&#8221; css=&#8221;.vc_custom_1680018540776{padding-left: 2% !important;}&#8221;][vc_column width=&#8221;1\/2&#8243;][vc_empty_space height=&#8221;100px&#8221;][vc_column_text] Convenci\u00f3 Mallorca 2030 [\/vc_column_text][vc_separator color=&#8221;custom&#8221; align=&#8221;align_left&#8221; border_width=&#8221;3&#8243; el_width=&#8221;10&#8243; accent_color=&#8221;#e30613&#8243; css=&#8221;.vc_custom_1526645714038{padding-top: 10px !important;}&#8221;][vc_empty_space height=&#8221;20px&#8221;][vc_column_text css=&#8221;.vc_custom_1680615612602{padding-right: 2% !important;padding-left: 2% !important;}&#8221;]Ja fa 8 anys, v\u00e0rem assumir el repte de construir una Mallorca m\u00e9s justa, democr\u00e0tica i inclusiva, iniciant el cam\u00ed del canvi i deixant&hellip;<\/p>\n","protected":false},"author":6,"featured_media":0,"parent":0,"menu_order":0,"comment_status":"closed","ping_status":"closed","template":"","meta":{"footnotes":""},"class_list":["post-27296","page","type-page","status-publish","hentry"],"_links":{"self":[{"href":"https:\/\/www.psib-psoe.org\/mallorca\/wp-json\/wp\/v2\/pages\/27296"}],"collection":[{"href":"https:\/\/www.psib-psoe.org\/mallorca\/wp-json\/wp\/v2\/pages"}],"about":[{"href":"https:\/\/www.psib-psoe.org\/mallorca\/wp-json\/wp\/v2\/types\/page"}],"author":[{"embeddable":true,"href":"https:\/\/www.psib-psoe.org\/mallorca\/wp-json\/wp\/v2\/users\/6"}],"replies":[{"embeddable":true,"href":"https:\/\/www.psib-psoe.org\/mallorca\/wp-json\/wp\/v2\/comments?post=27296"}],"version-history":[{"count":0,"href":"https:\/\/www.psib-psoe.org\/mallorca\/wp-json\/wp\/v2\/pages\/27296\/revisions"}],"wp:attachment":[{"href":"https:\/\/www.psib-psoe.org\/mallorca\/wp-json\/wp\/v2\/media?parent=27296"}],"curies":[{"name":"wp","href":"https:\/\/api.w.org\/{rel}","templated":true}]}}