{"id":21,"date":"2015-02-02T10:57:50","date_gmt":"2015-02-02T10:57:50","guid":{"rendered":"http:\/\/www.spab-rice.com\/wordpress\/demo\/pond-demo\/?page_id=21"},"modified":"2023-09-14T12:15:17","modified_gmt":"2023-09-14T10:15:17","slug":"inici","status":"publish","type":"page","link":"https:\/\/www.psib-psoe.org\/menorca\/esmercadalifornells\/","title":{"rendered":"Inici"},"content":{"rendered":"<div class=\"wpb-content-wrapper\">[vc_row thb_full_width=&#8221;true&#8221; css=&#8221;.vc_custom_1546861511451{background-color: #e30613 !important;}&#8221;][vc_column][vc_column_text css=&#8221;.vc_custom_1600684597386{padding-top: 1% !important;padding-bottom: 1% !important;background-color: #e30613 !important;}&#8221;]\n<h2 style=\"color: #fff; text-align: center;\">Agrupaci\u00f3 socialista des Mercadal i Fornells<\/h2>\n[\/vc_column_text][\/vc_column][\/vc_row][vc_row thb_full_width=&#8221;true&#8221;][vc_column]\n\t\t\t<!-- START home1 REVOLUTION SLIDER 6.7.20 --><p class=\"rs-p-wp-fix\"><\/p>\n\t\t\t<rs-module-wrap id=\"rev_slider_1_1_wrapper\" data-source=\"gallery\" style=\"visibility:hidden;background:transparent;padding:0;margin:0px auto;margin-top:0;margin-bottom:0;\">\n\t\t\t\t<rs-module id=\"rev_slider_1_1\" style=\"\" data-version=\"6.7.20\">\n\t\t\t\t\t<rs-slides style=\"overflow: hidden; position: absolute;\">\n\t\t\t\t\t\t<rs-slide style=\"position: absolute;\" data-key=\"rs-6\" data-title=\"Slide\" data-anim=\"adpr:false;\">\n\t\t\t\t\t\t\t<img decoding=\"async\" src=\"\/\/www.psib-psoe.org\/menorca\/esmercadalifornells\/wp-content\/plugins\/revslider\/sr6\/assets\/assets\/dummy.png\" alt=\"\" title=\"Inici\" class=\"rev-slidebg tp-rs-img rs-lazyload\" data-lazyload=\"\/\/www.psib-psoe.org\/menorca\/esmercadalifornells\/wp-content\/uploads\/Es-Mercadal.jpg\" data-no-retina>\n<!---->\t\t\t\t\t<\/rs-slide>\n\t\t\t\t\t<\/rs-slides>\n\t\t\t\t<\/rs-module>\n\t\t\t\t<script>\n\t\t\t\t\tsetREVStartSize({c: 'rev_slider_1_1',rl:[1240,1024,778,480],el:[],gw:[1240,1024,778,480],gh:[868,528,402,520],type:'standard',justify:'',layout:'fullwidth',mh:\"0\"});if (window.RS_MODULES!==undefined && window.RS_MODULES.modules!==undefined && window.RS_MODULES.modules[\"revslider11\"]!==undefined) {window.RS_MODULES.modules[\"revslider11\"].once = false;window.revapi1 = undefined;if (window.RS_MODULES.checkMinimal!==undefined) window.RS_MODULES.checkMinimal()}\n\t\t\t\t<\/script>\n\t\t\t<\/rs-module-wrap>\n\t\t\t<!-- END REVOLUTION SLIDER -->\n[vc_raw_html]JTNDYSUyMG5hbWUlM0QlMjJiZW52aW5ndXRzJTIyJTNFJTNDJTJGYSUzRQ==[\/vc_raw_html][\/vc_column][\/vc_row][vc_row css=&#8221;.vc_custom_1546869663460{padding-top: 100px !important;}&#8221;][vc_column width=&#8221;1\/2&#8243;][vc_column_text]\n<h2 class=\"bold\" style=\"color: #e30613;\">Benvinguts\/des<\/h2>\n[\/vc_column_text][vc_separator color=&#8221;custom&#8221; align=&#8221;align_left&#8221; border_width=&#8221;3&#8243; el_width=&#8221;20&#8243; accent_color=&#8221;#e30613&#8243; css=&#8221;.vc_custom_1527088328168{padding-top: 10px !important;}&#8221;][vc_empty_space height=&#8221;60px&#8221;][vc_column_text]Aquesta \u00e9s la p\u00e0gina del PSOE des Mercadal i Fornells.<\/p>\n<p>Ser socialista \u00e9s transformar, i per tant, treballam de valent per millorar el benestar de tots.<\/p>\n<p>El nostre comprom\u00eds amb el municipi \u00e9s un comprom\u00eds ferm, seri\u00f3s, decidit i honest. Un comprom\u00eds que vol millorar el benestar dels nostres ciutadans i que vol ser receptiu amb les demandes de tots els sectors i col\u00b7lectius que viuen, treballen i participen en la nostra societat, per tal de fer-ne un espai de trobada millor.<\/p>\n<p>Amb tu feim un govern obert, capa\u00e7 de gestionar les bones idees, venguin d\u2019 on venguin, receptiu amb els emprenedors, amb els innovadors i comprensiu amb tots aquells que s\u2019esforcen dia a dia.<\/p>\n<p>La nostra aportaci\u00f3 a qu\u00e8 aquesta societat sigui millor \u00e9s l\u2019esfor\u00e7 personal, una bona gesti\u00f3, la proximitat als ve\u00efns i el comprom\u00eds de millorar el municipi.<\/p>\n<p>El nostre projecte dona continu\u00eftat al vertader canvi iniciat ja fa nou anys, prioritzant les necessitats socials, educatives, donant valor tamb\u00e9 a les petites coses i sent\u00a0 propers a la gent.<\/p>\n<p><strong>T&#8217;hi esperam!<\/strong>[\/vc_column_text][vc_empty_space height=&#8221;60px&#8221;][\/vc_column][vc_column width=&#8221;1\/2&#8243;][vc_single_image image=&#8221;25173&#8243; img_size=&#8221;full&#8221;][\/vc_column][\/vc_row][vc_row][vc_column width=&#8221;2\/3&#8243;][vc_images_carousel images=&#8221;25266,25265,25264&#8243; img_size=&#8221;large&#8221;][vc_empty_space height=&#8221;60px&#8221;][\/vc_column][vc_column width=&#8221;1\/3&#8243;][vc_btn title=&#8221;Xisco Ametller&#8221; style=&#8221;flat&#8221; shape=&#8221;square&#8221; color=&#8221;danger&#8221; align=&#8221;left&#8221; i_icon_fontawesome=&#8221;fa fa-plus&#8221; button_block=&#8221;true&#8221; add_icon=&#8221;true&#8221; el_class=&#8221;bot_interior_fed&#8221; link=&#8221;url:https%3A%2F%2Fwww.psib-psoe.org%2Fmenorca%2Fesmercadalifornells%2Fxisco-ametller-pons%2F|title:Xisco%20Ametller%20Pons||&#8221;][\/vc_column][\/vc_row][vc_row thb_full_width=&#8221;true&#8221; css=&#8221;.vc_custom_1600685068325{padding-top: 30px !important;padding-bottom: 30px !important;}&#8221;][vc_column width=&#8221;1\/3&#8243;][vc_btn title=&#8221;Qui som&#8221; style=&#8221;outline-custom&#8221; outline_custom_color=&#8221;#e30613&#8243; outline_custom_hover_background=&#8221;#e30613&#8243; outline_custom_hover_text=&#8221;#ffffff&#8221; shape=&#8221;square&#8221; align=&#8221;left&#8221; i_icon_fontawesome=&#8221;fa fa-plus&#8221; button_block=&#8221;true&#8221; add_icon=&#8221;true&#8221; el_class=&#8221;bot_interior_fed&#8221; link=&#8221;url:%23estructura|||&#8221; el_id=&#8221;bot_interior_fed&#8221;][vc_empty_space height=&#8221;10px&#8221;][vc_btn title=&#8221;Programa electoral&#8221; style=&#8221;outline-custom&#8221; outline_custom_color=&#8221;#e30613&#8243; outline_custom_hover_background=&#8221;#e30613&#8243; outline_custom_hover_text=&#8221;#ffffff&#8221; shape=&#8221;square&#8221; align=&#8221;left&#8221; i_icon_fontawesome=&#8221;fa fa-plus&#8221; button_block=&#8221;true&#8221; add_icon=&#8221;true&#8221; el_class=&#8221;bot_interior_fed&#8221; link=&#8221;url:https%3A%2F%2Fwww.psib-psoe.org%2Fmenorca%2Fesmercadalifornells%2Fprograma-electoral-2019-2023%2F|title:Programa%20electoral%202019%20%E2%80%93%202023||&#8221;][\/vc_column][vc_column width=&#8221;1\/3&#8243;][vc_btn title=&#8221;Actualitat&#8221; style=&#8221;outline-custom&#8221; outline_custom_color=&#8221;#e30613&#8243; outline_custom_hover_background=&#8221;#e30613&#8243; outline_custom_hover_text=&#8221;#ffffff&#8221; shape=&#8221;square&#8221; align=&#8221;left&#8221; i_icon_fontawesome=&#8221;fa fa-plus&#8221; button_block=&#8221;true&#8221; add_icon=&#8221;true&#8221; el_class=&#8221;bot_interior_fed&#8221; link=&#8221;url:https%3A%2F%2Fwww.psib-psoe.org%2Fmenorca%2Fesmercadalifornells%2Factualitat%2F|||&#8221; el_id=&#8221;bot_interior_fed&#8221;][vc_empty_space height=&#8221;10px&#8221;][vc_btn title=&#8221;V\u00eddeos&#8221; style=&#8221;outline-custom&#8221; outline_custom_color=&#8221;#e30613&#8243; outline_custom_hover_background=&#8221;#e30613&#8243; outline_custom_hover_text=&#8221;#ffffff&#8221; shape=&#8221;square&#8221; align=&#8221;left&#8221; i_icon_fontawesome=&#8221;fa fa-plus&#8221; button_block=&#8221;true&#8221; add_icon=&#8221;true&#8221; el_class=&#8221;bot_interior_fed&#8221; link=&#8221;url:https%3A%2F%2Fwww.youtube.com%2Fchannel%2FUCcShoXfY4jz5-Lt3shMdeSg|title:Canal%20Youtube|target:%20_blank|&#8221;][\/vc_column][vc_column width=&#8221;1\/3&#8243;][vc_btn title=&#8221;Documentaci\u00f3&#8221; style=&#8221;outline-custom&#8221; outline_custom_color=&#8221;#e30613&#8243; outline_custom_hover_background=&#8221;#e30613&#8243; outline_custom_hover_text=&#8221;#ffffff&#8221; shape=&#8221;square&#8221; align=&#8221;left&#8221; i_icon_fontawesome=&#8221;fa fa-plus&#8221; button_block=&#8221;true&#8221; add_icon=&#8221;true&#8221; el_class=&#8221;bot_interior_fed&#8221; link=&#8221;url:%2Fdocuments|||&#8221;][\/vc_column][\/vc_row][vc_row content_placement=&#8221;top&#8221; parallax=&#8221;content-moving&#8221; parallax_speed_bg=&#8221;1.1&#8243; css=&#8221;.vc_custom_1558081788113{padding-top: 30px !important;padding-bottom: 100px !important;background-color: #ffffff !important;background-position: center;background-repeat: no-repeat !important;background-size: contain !important;}&#8221; el_class=&#8221;noticias&#8221;][vc_column parallax=&#8221;content-moving&#8221;][vc_column_text css=&#8221;.vc_custom_1600685079342{padding-top: 10% !important;}&#8221;]\n<h2 style=\"color: #e30613;\">Actualitat<\/h2>\n[\/vc_column_text][vc_separator color=&#8221;custom&#8221; align=&#8221;align_left&#8221; border_width=&#8221;3&#8243; el_width=&#8221;10&#8243; css=&#8221;.vc_custom_1526645600233{padding-top: 10px !important;}&#8221; accent_color=&#8221;#e30613&#8243;][vc_empty_space height=&#8221;50px&#8221;]\t<div class=\"posts-shortcode align-stretch blog-listing-style8 row \">\n\t\t<div class=\"small-12 large-4 columns\">\n\t<article itemscope itemtype=\"http:\/\/schema.org\/Article\" class=\"post blog-style7 alt post-25220 type-post status-publish format-standard hentry category-es-mercadal-i-fornells\" role=\"article\">\n\t\t<figure class=\"post-gallery\"><\/figure>\n\t\t<div class=\"blog-top\">\n\t\t\t<header class=\"post-title entry-header\">\n\t\t\t\t<aside class=\"post-meta cf\">\n\t\t29\/10\/2020 \/ <a href=\"https:\/\/www.psib-psoe.org\/menorca\/esmercadalifornells\/category\/es-mercadal-i-fornells\/\" rel=\"category tag\">Es Mercadal i Fornells<\/a><\/aside>\n\t\t\t\t<h3 itemprop=\"headline\"><a href=\"https:\/\/www.psib-psoe.org\/menorca\/esmercadalifornells\/lajuntament-des-mercadal-posa-en-marxa-millores-sostenibles-gracies-al-financament-del-consell-insular\/\" title=\"L\u2019ajuntament des Mercadal posa en marxa millores sostenibles gr\u00e0cies al finan\u00e7ament del Consell Insular\">L\u2019ajuntament des Mercadal posa en marxa millores sostenibles gr\u00e0cies al finan\u00e7ament del Consell Insular<\/a><\/h3>\n\t\t\t<\/header>\n\t\t<\/div>\n\t\t<div class=\"post-content\">\n\t\t\t<a href=\"https:\/\/www.psib-psoe.org\/menorca\/esmercadalifornells\/lajuntament-des-mercadal-posa-en-marxa-millores-sostenibles-gracies-al-financament-del-consell-insular\/\" class=\"more-link\">Read More<\/a>\n\t\t<\/div>\n\t\t\t<aside class=\"post-bottom-meta hide\">\n\t\t<strong rel=\"author\" itemprop=\"author\" class=\"author vcard\"><span class=\"fn\">esmercadal<\/span><\/strong>\n\t\t<time class=\"date published time\" datetime=\"2020-10-29T11:21:42+02:00\" itemprop=\"datePublished\" content=\"2020-10-29T11:21:42+02:00\">29\/10\/2020<\/time>\n\t\t<meta itemprop=\"dateModified\" class=\"date updated\" content=\"2020-10-29T11:21:45+02:00\">\n\t\t<span class=\"hide\" itemprop=\"publisher\" itemscope itemtype=\"https:\/\/schema.org\/Organization\">\n\t\t\t<meta itemprop=\"name\" content=\"Agrupaci\u00f3 socialista des Mercadal i Fornells\">\n\t\t\t<span itemprop=\"logo\" itemscope itemtype=\"https:\/\/schema.org\/ImageObject\">\n\t\t\t\t<meta itemprop=\"url\" content=\"https:\/\/www.psib-psoe.org\/menorca\/esmercadalifornells\/wp-content\/themes\/notio-wp\/assets\/img\/logo.png\">\n\t\t\t<\/span>\n\t\t\t<meta itemprop=\"url\" content=\"https:\/\/www.psib-psoe.org\/menorca\/esmercadalifornells\/\">\n\t\t<\/span>\n\t\t\t\t<meta itemscope itemprop=\"mainEntityOfPage\" itemtype=\"https:\/\/schema.org\/WebPage\" itemid=\"https:\/\/www.psib-psoe.org\/menorca\/esmercadalifornells\/lajuntament-des-mercadal-posa-en-marxa-millores-sostenibles-gracies-al-financament-del-consell-insular\/\">\n\t<\/aside>\n\t\t<\/article>\n<\/div>\n<div class=\"small-12 large-4 columns\">\n\t<article itemscope itemtype=\"http:\/\/schema.org\/Article\" class=\"post blog-style7 alt post-25218 type-post status-publish format-standard hentry category-es-mercadal-i-fornells\" role=\"article\">\n\t\t<figure class=\"post-gallery\"><\/figure>\n\t\t<div class=\"blog-top\">\n\t\t\t<header class=\"post-title entry-header\">\n\t\t\t\t<aside class=\"post-meta cf\">\n\t\t29\/10\/2020 \/ <a href=\"https:\/\/www.psib-psoe.org\/menorca\/esmercadalifornells\/category\/es-mercadal-i-fornells\/\" rel=\"category tag\">Es Mercadal i Fornells<\/a><\/aside>\n\t\t\t\t<h3 itemprop=\"headline\"><a href=\"https:\/\/www.psib-psoe.org\/menorca\/esmercadalifornells\/el-psoe-des-mercadal-i-fornells-celebra-que-ports-estigui-dispost-a-cedir-a-lajuntament-la-casa-des-contramestre-de-fornells\/\" title=\"El PSOE des Mercadal i Fornells celebra que Ports estigui dispost a cedir a l\u2019ajuntament la casa des Contramestre de Fornells\">El PSOE des Mercadal i Fornells celebra que Ports estigui dispost a cedir a l\u2019ajuntament la casa des Contramestre de Fornells<\/a><\/h3>\n\t\t\t<\/header>\n\t\t<\/div>\n\t\t<div class=\"post-content\">\n\t\t\t<a href=\"https:\/\/www.psib-psoe.org\/menorca\/esmercadalifornells\/el-psoe-des-mercadal-i-fornells-celebra-que-ports-estigui-dispost-a-cedir-a-lajuntament-la-casa-des-contramestre-de-fornells\/\" class=\"more-link\">Read More<\/a>\n\t\t<\/div>\n\t\t\t<aside class=\"post-bottom-meta hide\">\n\t\t<strong rel=\"author\" itemprop=\"author\" class=\"author vcard\"><span class=\"fn\">esmercadal<\/span><\/strong>\n\t\t<time class=\"date published time\" datetime=\"2020-10-29T11:21:05+02:00\" itemprop=\"datePublished\" content=\"2020-10-29T11:21:05+02:00\">29\/10\/2020<\/time>\n\t\t<meta itemprop=\"dateModified\" class=\"date updated\" content=\"2020-10-29T11:21:08+02:00\">\n\t\t<span class=\"hide\" itemprop=\"publisher\" itemscope itemtype=\"https:\/\/schema.org\/Organization\">\n\t\t\t<meta itemprop=\"name\" content=\"Agrupaci\u00f3 socialista des Mercadal i Fornells\">\n\t\t\t<span itemprop=\"logo\" itemscope itemtype=\"https:\/\/schema.org\/ImageObject\">\n\t\t\t\t<meta itemprop=\"url\" content=\"https:\/\/www.psib-psoe.org\/menorca\/esmercadalifornells\/wp-content\/themes\/notio-wp\/assets\/img\/logo.png\">\n\t\t\t<\/span>\n\t\t\t<meta itemprop=\"url\" content=\"https:\/\/www.psib-psoe.org\/menorca\/esmercadalifornells\/\">\n\t\t<\/span>\n\t\t\t\t<meta itemscope itemprop=\"mainEntityOfPage\" itemtype=\"https:\/\/schema.org\/WebPage\" itemid=\"https:\/\/www.psib-psoe.org\/menorca\/esmercadalifornells\/el-psoe-des-mercadal-i-fornells-celebra-que-ports-estigui-dispost-a-cedir-a-lajuntament-la-casa-des-contramestre-de-fornells\/\">\n\t<\/aside>\n\t\t<\/article>\n<\/div>\n\t<\/div>\n\t[vc_btn title=&#8221;Not\u00edcies PSOE Menorca&#8221; style=&#8221;outline-custom&#8221; outline_custom_color=&#8221;#e30613&#8243; outline_custom_hover_background=&#8221;#e30613&#8243; outline_custom_hover_text=&#8221;#ffffff&#8221; shape=&#8221;square&#8221; align=&#8221;center&#8221; link=&#8221;url:https%3A%2F%2Fwww.psib-psoe.org%2Fmenorca%2Factualitat%2F||target:%20_blank|&#8221;][vc_raw_html]JTNDYSUyMG5hbWUlM0QlMjJlc3RydWN0dXJhJTIyJTNFJTNDJTJGYSUzRQ==[\/vc_raw_html][\/vc_column][\/vc_row][vc_row css=&#8221;.vc_custom_1546869565288{padding-top: 100px !important;padding-bottom: 50px !important;}&#8221;][vc_column width=&#8221;1\/2&#8243;][vc_column_text]\n<h2 class=\"bold\" style=\"color: #e30613;\">Estructura<\/h2>\n[\/vc_column_text][vc_separator color=&#8221;custom&#8221; align=&#8221;align_left&#8221; border_width=&#8221;3&#8243; el_width=&#8221;20&#8243; accent_color=&#8221;#e30613&#8243; css=&#8221;.vc_custom_1527088328168{padding-top: 10px !important;}&#8221;][vc_empty_space height=&#8221;60px&#8221;][vc_column_text]\n<h4 class=\"bold\" style=\"color: #e30613;\">Executiva local<\/h4>\n[\/vc_column_text][vc_empty_space][vc_column_text]<strong>La Comissi\u00f3 Executiva Local d&#8217;una agrupaci\u00f3 \u00e9s l&#8217;\u00f2rgan de direcci\u00f3 i execuci\u00f3 de les pol\u00edtiques i resolucions del PSOE al municipi.<\/strong><\/p>\n<p>S&#8217;elegeix per mandats de quatre anys, per part de l&#8217;Assemblea d&#8217;afiliats i afiliades de l&#8217;Agrupaci\u00f3.<\/p>\n<p>La Comissi\u00f3 Executiva Local del PSOE Es Castell est\u00e0 actualment conformada pels seg\u00fcents c\u00e0rrecs i persones:<\/p>\n<p><strong>Pere Pons<\/strong><\/p>\n<p><em>Presid\u00e8ncia<\/em><\/p>\n<p><strong>Xisco Ametller<\/strong><\/p>\n<p><em>Secretaria General<\/em><\/p>\n<p><strong>Lali Garriga<\/strong><\/p>\n<p><em>Secretaria d&#8217;Organitzaci\u00f3<\/em><\/p>\n<p><strong>Mar\u00eda de la Hoz<\/strong><\/p>\n<p><em>Secretaria d&#8217;Igualtat<\/em><\/p>\n<p><strong>Jordi Pons<\/strong><\/p>\n<p><em>Secretaria de Pol\u00edtica local<\/em><\/p>\n<p><strong>Marc Pons<\/strong><\/p>\n<p><em>Vocalia<\/em><\/p>\n<p><strong>Vanessa Vinent<\/strong><\/p>\n<p><em>Vocalia<\/em>[\/vc_column_text][\/vc_column][vc_column width=&#8221;1\/6&#8243; el_class=&#8221;col_vacia&#8221;][\/vc_column][vc_column width=&#8221;1\/3&#8243; el_class=&#8221;top_50&#8243;][vc_empty_space height=&#8221;60px&#8221;][vc_empty_space height=&#8221;70px&#8221;][vc_column_text]\n<h4 class=\"bold\" style=\"color: #e30613;\">Grup Municipal<\/h4>\n[\/vc_column_text][vc_empty_space][vc_column_text]<strong>Jes\u00fas Gomila<\/strong><\/p>\n<p class=\"p1\"><em>Regidor<\/em><\/p>\n<p><strong>Meli Villalonga<\/strong><\/p>\n<p><em>Regidora<\/em><\/p>\n<p><strong>Lali Garriga<\/strong><\/p>\n<p><em>Regidora<\/em><\/p>\n<p><strong>Marc Bosch<\/strong><\/p>\n<p><em>Regidor<\/em><\/p>\n<p><strong>Lena Taltavull<\/strong><\/p>\n<p><em>Regidora<\/em>[\/vc_column_text][vc_empty_space][\/vc_column][\/vc_row][vc_row thb_full_width=&#8221;true&#8221; thb_row_padding=&#8221;true&#8221; css=&#8221;.vc_custom_1579096973482{background-color: #ffffff !important;}&#8221;][vc_column][vc_single_image image=&#8221;25539&#8243; img_size=&#8221;full&#8221; alignment=&#8221;center&#8221;][\/vc_column][\/vc_row][vc_row thb_full_width=&#8221;true&#8221; css=&#8221;.vc_custom_1579096847048{margin-top: 10px !important;background-color: #f6f6f6 !important;}&#8221;][vc_column][vc_column_text css=&#8221;.vc_custom_1527066293940{padding-top: 50px !important;padding-bottom: 30px !important;}&#8221;]\n<h1 class=\"bold\" style=\"text-align: center;\">Suma\u2019t al comprom\u00eds<\/h1>\n<h3 class=\"light\" style=\"text-align: center;\">Com a militant, simpatitzant o com a voluntari<br \/>\nAjuda\u2019ns a construir un futur millor<\/h3>\n[\/vc_column_text][vc_btn title=&#8221;Afilia&#8217;t al partit socialista&#8221; style=&#8221;outline-custom&#8221; outline_custom_color=&#8221;#e30613&#8243; outline_custom_hover_background=&#8221;#e30613&#8243; outline_custom_hover_text=&#8221;#ffffff&#8221; shape=&#8221;square&#8221; align=&#8221;center&#8221; link=&#8221;url:%2Fafiliacio%2F|||&#8221; css=&#8221;.vc_custom_1568224535743{padding-bottom: 40px !important;}&#8221;][\/vc_column][\/vc_row][vc_row thb_full_width=&#8221;true&#8221; disable_element=&#8221;yes&#8221; css=&#8221;.vc_custom_1579096881173{padding-top: 50px !important;padding-bottom: 50px !important;background-color: #efefef !important;}&#8221;][vc_column width=&#8221;2\/12&#8243;][\/vc_column][vc_column width=&#8221;1\/12&#8243;][\/vc_column][vc_column width=&#8221;7\/12&#8243;][\/vc_column][vc_column width=&#8221;2\/12&#8243;][\/vc_column][\/vc_row]\n<\/div>","protected":false},"excerpt":{"rendered":"<p>[vc_row thb_full_width=&#8221;true&#8221; css=&#8221;.vc_custom_1546861511451{background-color: #e30613 !important;}&#8221;][vc_column][vc_column_text css=&#8221;.vc_custom_1600684597386{padding-top: 1% !important;padding-bottom: 1% !important;background-color: #e30613 !important;}&#8221;] Agrupaci\u00f3 socialista des Mercadal i Fornells [\/vc_column_text][\/vc_column][\/vc_row][vc_row thb_full_width=&#8221;true&#8221;][vc_column][vc_raw_html]JTNDYSUyMG5hbWUlM0QlMjJiZW52aW5ndXRzJTIyJTNFJTNDJTJGYSUzRQ==[\/vc_raw_html][\/vc_column][\/vc_row][vc_row css=&#8221;.vc_custom_1546869663460{padding-top: 100px !important;}&#8221;][vc_column width=&#8221;1\/2&#8243;][vc_column_text] Benvinguts\/des [\/vc_column_text][vc_separator color=&#8221;custom&#8221; align=&#8221;align_left&#8221; border_width=&#8221;3&#8243; el_width=&#8221;20&#8243; accent_color=&#8221;#e30613&#8243; css=&#8221;.vc_custom_1527088328168{padding-top: 10px !important;}&#8221;][vc_empty_space height=&#8221;60px&#8221;][vc_column_text]Aquesta \u00e9s la p\u00e0gina del PSOE des Mercadal i Fornells. Ser socialista \u00e9s transformar, i per tant, treballam de valent per&hellip;<\/p>\n","protected":false},"author":1,"featured_media":0,"parent":0,"menu_order":0,"comment_status":"closed","ping_status":"closed","template":"","meta":{"footnotes":""},"class_list":["post-21","page","type-page","status-publish","hentry"],"_links":{"self":[{"href":"https:\/\/www.psib-psoe.org\/menorca\/esmercadalifornells\/wp-json\/wp\/v2\/pages\/21"}],"collection":[{"href":"https:\/\/www.psib-psoe.org\/menorca\/esmercadalifornells\/wp-json\/wp\/v2\/pages"}],"about":[{"href":"https:\/\/www.psib-psoe.org\/menorca\/esmercadalifornells\/wp-json\/wp\/v2\/types\/page"}],"author":[{"embeddable":true,"href":"https:\/\/www.psib-psoe.org\/menorca\/esmercadalifornells\/wp-json\/wp\/v2\/users\/1"}],"replies":[{"embeddable":true,"href":"https:\/\/www.psib-psoe.org\/menorca\/esmercadalifornells\/wp-json\/wp\/v2\/comments?post=21"}],"version-history":[{"count":5,"href":"https:\/\/www.psib-psoe.org\/menorca\/esmercadalifornells\/wp-json\/wp\/v2\/pages\/21\/revisions"}],"predecessor-version":[{"id":25701,"href":"https:\/\/www.psib-psoe.org\/menorca\/esmercadalifornells\/wp-json\/wp\/v2\/pages\/21\/revisions\/25701"}],"wp:attachment":[{"href":"https:\/\/www.psib-psoe.org\/menorca\/esmercadalifornells\/wp-json\/wp\/v2\/media?parent=21"}],"curies":[{"name":"wp","href":"https:\/\/api.w.org\/{rel}","templated":true}]}}