{"id":21,"date":"2015-02-02T10:57:50","date_gmt":"2015-02-02T10:57:50","guid":{"rendered":"http:\/\/www.spab-rice.com\/wordpress\/demo\/pond-demo\/?page_id=21"},"modified":"2023-09-14T12:07:58","modified_gmt":"2023-09-14T10:07:58","slug":"inici","status":"publish","type":"page","link":"https:\/\/www.psib-psoe.org\/menorca\/santlluis\/","title":{"rendered":"Inici"},"content":{"rendered":"<div class=\"wpb-content-wrapper\">[vc_row thb_full_width=&#8221;true&#8221; css=&#8221;.vc_custom_1546861511451{background-color: #e30613 !important;}&#8221;][vc_column][vc_column_text css=&#8221;.vc_custom_1600270708682{padding-top: 1% !important;padding-bottom: 1% !important;background-color: #e30613 !important;}&#8221;]\n<h2 style=\"color: #fff; text-align: center;\">Agrupaci\u00f3 socialista de Sant Llu\u00eds<\/h2>\n[\/vc_column_text][\/vc_column][\/vc_row][vc_row thb_full_width=&#8221;true&#8221;][vc_column]\n\t\t\t<!-- START home1 REVOLUTION SLIDER 6.7.20 --><p class=\"rs-p-wp-fix\"><\/p>\n\t\t\t<rs-module-wrap id=\"rev_slider_1_1_wrapper\" data-source=\"gallery\" style=\"visibility:hidden;background:transparent;padding:0;margin:0px auto;margin-top:0;margin-bottom:0;\">\n\t\t\t\t<rs-module id=\"rev_slider_1_1\" style=\"\" data-version=\"6.7.20\">\n\t\t\t\t\t<rs-slides style=\"overflow: hidden; position: absolute;\">\n\t\t\t\t\t\t<rs-slide style=\"position: absolute;\" data-key=\"rs-5\" data-title=\"Slide\" data-anim=\"adpr:false;\">\n\t\t\t\t\t\t\t<img decoding=\"async\" src=\"\/\/www.psib-psoe.org\/menorca\/santlluis\/wp-content\/plugins\/revslider\/sr6\/assets\/assets\/dummy.png\" alt=\"\" title=\"Inici\" class=\"rev-slidebg tp-rs-img rs-lazyload\" data-lazyload=\"\/\/www.psib-psoe.org\/menorca\/santlluis\/wp-content\/uploads\/Sant-Llu\u00eds.jpg\" data-no-retina>\n<!---->\t\t\t\t\t<\/rs-slide>\n\t\t\t\t\t<\/rs-slides>\n\t\t\t\t<\/rs-module>\n\t\t\t\t<script>\n\t\t\t\t\tsetREVStartSize({c: 'rev_slider_1_1',rl:[1240,1024,778,480],el:[],gw:[1240,1024,778,480],gh:[868,528,402,520],type:'standard',justify:'',layout:'fullwidth',mh:\"0\"});if (window.RS_MODULES!==undefined && window.RS_MODULES.modules!==undefined && window.RS_MODULES.modules[\"revslider11\"]!==undefined) {window.RS_MODULES.modules[\"revslider11\"].once = false;window.revapi1 = undefined;if (window.RS_MODULES.checkMinimal!==undefined) window.RS_MODULES.checkMinimal()}\n\t\t\t\t<\/script>\n\t\t\t<\/rs-module-wrap>\n\t\t\t<!-- END REVOLUTION SLIDER -->\n[vc_raw_html]JTNDYSUyMG5hbWUlM0QlMjJiZW52aW5ndXRzJTIyJTNFJTNDJTJGYSUzRQ==[\/vc_raw_html][\/vc_column][\/vc_row][vc_row css=&#8221;.vc_custom_1546869663460{padding-top: 100px !important;}&#8221;][vc_column width=&#8221;1\/2&#8243;][vc_column_text]\n<h2 class=\"bold\" style=\"color: #e30613;\">Benvinguts\/des<\/h2>\n[\/vc_column_text][vc_separator color=&#8221;custom&#8221; align=&#8221;align_left&#8221; border_width=&#8221;3&#8243; el_width=&#8221;20&#8243; accent_color=&#8221;#e30613&#8243; css=&#8221;.vc_custom_1527088328168{padding-top: 10px !important;}&#8221;][vc_empty_space height=&#8221;60px&#8221;][vc_column_text]Benvingut\/da a aquest espai on podr\u00e0s con\u00e8ixer la feina que feim els i les socialistes de Sant Llu\u00eds, aix\u00ed com juntar el teu esfor\u00e7 per fer un municipi cada dia millor.<\/p>\n<p>La vocaci\u00f3 de servei p\u00fablic \u00e9s la que ens fa lluitar per aconseguir una societat m\u00e9s igualit\u00e0ria i m\u00e9s justa, i ho volem fer comptant amb la teva participaci\u00f3.<\/p>\n<p><strong>T\u2019hi esperam!<\/strong>[\/vc_column_text][\/vc_column][vc_column width=&#8221;1\/2&#8243;][vc_single_image image=&#8221;25176&#8243; img_size=&#8221;full&#8221;][\/vc_column][\/vc_row][vc_row thb_full_width=&#8221;true&#8221; css=&#8221;.vc_custom_1546862352897{padding-top: 30px !important;padding-bottom: 30px !important;}&#8221;][vc_column width=&#8221;1\/3&#8243;][vc_btn title=&#8221;Qui som&#8221; style=&#8221;outline-custom&#8221; outline_custom_color=&#8221;#e30613&#8243; outline_custom_hover_background=&#8221;#e30613&#8243; outline_custom_hover_text=&#8221;#ffffff&#8221; shape=&#8221;square&#8221; align=&#8221;left&#8221; i_icon_fontawesome=&#8221;fa fa-plus&#8221; button_block=&#8221;true&#8221; add_icon=&#8221;true&#8221; el_class=&#8221;bot_interior_fed&#8221; link=&#8221;url:%23estructura|||&#8221; el_id=&#8221;bot_interior_fed&#8221;][\/vc_column][vc_column width=&#8221;1\/3&#8243;][vc_btn title=&#8221;Actualitat&#8221; style=&#8221;outline-custom&#8221; outline_custom_color=&#8221;#e30613&#8243; outline_custom_hover_background=&#8221;#e30613&#8243; outline_custom_hover_text=&#8221;#ffffff&#8221; shape=&#8221;square&#8221; align=&#8221;left&#8221; i_icon_fontawesome=&#8221;fa fa-plus&#8221; button_block=&#8221;true&#8221; add_icon=&#8221;true&#8221; el_class=&#8221;bot_interior_fed&#8221; link=&#8221;url:https%3A%2F%2Fwww.psib-psoe.org%2Fmenorca%2Fsantlluis%2Factualitat%2F|||&#8221; el_id=&#8221;bot_interior_fed&#8221;][\/vc_column][vc_column width=&#8221;1\/3&#8243;][vc_btn title=&#8221;Documentaci\u00f3&#8221; style=&#8221;outline-custom&#8221; outline_custom_color=&#8221;#e30613&#8243; outline_custom_hover_background=&#8221;#e30613&#8243; outline_custom_hover_text=&#8221;#ffffff&#8221; shape=&#8221;square&#8221; align=&#8221;left&#8221; i_icon_fontawesome=&#8221;fa fa-plus&#8221; button_block=&#8221;true&#8221; add_icon=&#8221;true&#8221; el_class=&#8221;bot_interior_fed&#8221; link=&#8221;url:%2Fdocuments|||&#8221;][\/vc_column][\/vc_row][vc_row content_placement=&#8221;top&#8221; parallax=&#8221;content-moving&#8221; parallax_speed_bg=&#8221;1.1&#8243; css=&#8221;.vc_custom_1558081788113{padding-top: 30px !important;padding-bottom: 100px !important;background-color: #ffffff !important;background-position: center;background-repeat: no-repeat !important;background-size: contain !important;}&#8221; el_class=&#8221;noticias&#8221;][vc_column parallax=&#8221;content-moving&#8221;][vc_column_text css=&#8221;.vc_custom_1600270833492{padding-top: 10% !important;}&#8221;]\n<h2 style=\"color: #e30613;\">Actualitat<\/h2>\n[\/vc_column_text][vc_separator color=&#8221;custom&#8221; align=&#8221;align_left&#8221; border_width=&#8221;3&#8243; el_width=&#8221;10&#8243; css=&#8221;.vc_custom_1526645600233{padding-top: 10px !important;}&#8221; accent_color=&#8221;#e30613&#8243;][vc_empty_space height=&#8221;50px&#8221;]\t<div class=\"posts-shortcode align-stretch blog-listing-style8 row \">\n\t\t<div class=\"small-12 large-4 columns\">\n\t<article itemscope itemtype=\"http:\/\/schema.org\/Article\" class=\"post blog-style7 alt post-25250 type-post status-publish format-standard hentry category-es-castell category-mao category-sant-lluis tag-psib-psoe\" role=\"article\">\n\t\t<figure class=\"post-gallery\"><\/figure>\n\t\t<div class=\"blog-top\">\n\t\t\t<header class=\"post-title entry-header\">\n\t\t\t\t<aside class=\"post-meta cf\">\n\t\t29\/10\/2020 \/ <a href=\"https:\/\/www.psib-psoe.org\/menorca\/santlluis\/category\/municipis\/es-castell\/\" rel=\"category tag\">Es Castell<\/a>, <a href=\"https:\/\/www.psib-psoe.org\/menorca\/santlluis\/category\/municipis\/mao\/\" rel=\"category tag\">Ma\u00f3<\/a>, <a href=\"https:\/\/www.psib-psoe.org\/menorca\/santlluis\/category\/sant-lluis\/\" rel=\"category tag\">Sant Lluis<\/a><\/aside>\n\t\t\t\t<h3 itemprop=\"headline\"><a href=\"https:\/\/www.psib-psoe.org\/menorca\/santlluis\/sant-lluis-mao-i-es-castell-presenten-una-normativa-comuna-per-regular-la-circulacio-dels-patinets-electrics-2\/\" title=\"Sant Llu\u00eds, Ma\u00f3 i Es Castell presenten una normativa comuna per regular la circulaci\u00f3 dels patinets el\u00e8ctrics\">Sant Llu\u00eds, Ma\u00f3 i Es Castell presenten una normativa comuna per regular la circulaci\u00f3 dels patinets el\u00e8ctrics<\/a><\/h3>\n\t\t\t<\/header>\n\t\t<\/div>\n\t\t<div class=\"post-content\">\n\t\t\t<a href=\"https:\/\/www.psib-psoe.org\/menorca\/santlluis\/sant-lluis-mao-i-es-castell-presenten-una-normativa-comuna-per-regular-la-circulacio-dels-patinets-electrics-2\/\" class=\"more-link\">Read More<\/a>\n\t\t<\/div>\n\t\t\t<aside class=\"post-bottom-meta hide\">\n\t\t<strong rel=\"author\" itemprop=\"author\" class=\"author vcard\"><span class=\"fn\">adminpsib<\/span><\/strong>\n\t\t<time class=\"date published time\" datetime=\"2020-10-29T11:45:24+02:00\" itemprop=\"datePublished\" content=\"2020-10-29T11:45:24+02:00\">29\/10\/2020<\/time>\n\t\t<meta itemprop=\"dateModified\" class=\"date updated\" content=\"2020-11-04T19:24:28+02:00\">\n\t\t<span class=\"hide\" itemprop=\"publisher\" itemscope itemtype=\"https:\/\/schema.org\/Organization\">\n\t\t\t<meta itemprop=\"name\" content=\"Agrupaci\u00f3 socialista de Sant Lluis\">\n\t\t\t<span itemprop=\"logo\" itemscope itemtype=\"https:\/\/schema.org\/ImageObject\">\n\t\t\t\t<meta itemprop=\"url\" content=\"https:\/\/www.psib-psoe.org\/menorca\/santlluis\/wp-content\/themes\/notio-wp\/assets\/img\/logo.png\">\n\t\t\t<\/span>\n\t\t\t<meta itemprop=\"url\" content=\"https:\/\/www.psib-psoe.org\/menorca\/santlluis\/\">\n\t\t<\/span>\n\t\t\t\t<meta itemscope itemprop=\"mainEntityOfPage\" itemtype=\"https:\/\/schema.org\/WebPage\" itemid=\"https:\/\/www.psib-psoe.org\/menorca\/santlluis\/sant-lluis-mao-i-es-castell-presenten-una-normativa-comuna-per-regular-la-circulacio-dels-patinets-electrics-2\/\">\n\t<\/aside>\n\t\t<\/article>\n<\/div>\n<div class=\"small-12 large-4 columns\">\n\t<article itemscope itemtype=\"http:\/\/schema.org\/Article\" class=\"post blog-style7 alt post-25234 type-post status-publish format-standard has-post-thumbnail hentry category-sant-lluis\" role=\"article\">\n\t\t<figure class=\"post-gallery\"><img loading=\"lazy\" decoding=\"async\" width=\"600\" height=\"400\" src=\"https:\/\/www.psib-psoe.org\/menorca\/santlluis\/wp-content\/uploads\/ElBxULKXgAk69af-600x400.jpg\" class=\"attachment-notio-general-x2 size-notio-general-x2 wp-post-image\" alt=\"\" srcset=\"https:\/\/www.psib-psoe.org\/menorca\/santlluis\/wp-content\/uploads\/ElBxULKXgAk69af-600x400.jpg 600w, https:\/\/www.psib-psoe.org\/menorca\/santlluis\/wp-content\/uploads\/ElBxULKXgAk69af-300x200.jpg 300w, https:\/\/www.psib-psoe.org\/menorca\/santlluis\/wp-content\/uploads\/ElBxULKXgAk69af-768x513.jpg 768w, https:\/\/www.psib-psoe.org\/menorca\/santlluis\/wp-content\/uploads\/ElBxULKXgAk69af-1024x684.jpg 1024w, https:\/\/www.psib-psoe.org\/menorca\/santlluis\/wp-content\/uploads\/ElBxULKXgAk69af-150x100.jpg 150w, https:\/\/www.psib-psoe.org\/menorca\/santlluis\/wp-content\/uploads\/ElBxULKXgAk69af-900x600.jpg 900w, https:\/\/www.psib-psoe.org\/menorca\/santlluis\/wp-content\/uploads\/ElBxULKXgAk69af-20x13.jpg 20w, https:\/\/www.psib-psoe.org\/menorca\/santlluis\/wp-content\/uploads\/ElBxULKXgAk69af.jpg 1600w\" sizes=\"(max-width: 600px) 100vw, 600px\" \/><\/figure>\n\t\t<div class=\"blog-top\">\n\t\t\t<header class=\"post-title entry-header\">\n\t\t\t\t<aside class=\"post-meta cf\">\n\t\t29\/10\/2020 \/ <a href=\"https:\/\/www.psib-psoe.org\/menorca\/santlluis\/category\/sant-lluis\/\" rel=\"category tag\">Sant Lluis<\/a><\/aside>\n\t\t\t\t<h3 itemprop=\"headline\"><a href=\"https:\/\/www.psib-psoe.org\/menorca\/santlluis\/la-construccio-dhabitatge-public-a-sant-lluis-entre-les-prioritats-dels-socialistes\/\" title=\"La construcci\u00f3 d&#8217;habitatge p\u00fablic a Sant Llu\u00eds, entre les prioritats dels socialistes\">La construcci\u00f3 d&#8217;habitatge p\u00fablic a Sant Llu\u00eds, entre les prioritats dels socialistes<\/a><\/h3>\n\t\t\t<\/header>\n\t\t<\/div>\n\t\t<div class=\"post-content\">\n\t\t\t<a href=\"https:\/\/www.psib-psoe.org\/menorca\/santlluis\/la-construccio-dhabitatge-public-a-sant-lluis-entre-les-prioritats-dels-socialistes\/\" class=\"more-link\">Read More<\/a>\n\t\t<\/div>\n\t\t\t<aside class=\"post-bottom-meta hide\">\n\t\t<strong rel=\"author\" itemprop=\"author\" class=\"author vcard\"><span class=\"fn\">santlluis<\/span><\/strong>\n\t\t<time class=\"date published time\" datetime=\"2020-10-29T11:38:04+02:00\" itemprop=\"datePublished\" content=\"2020-10-29T11:38:04+02:00\">29\/10\/2020<\/time>\n\t\t<meta itemprop=\"dateModified\" class=\"date updated\" content=\"2020-10-29T11:38:07+02:00\">\n\t\t<span class=\"hide\" itemprop=\"publisher\" itemscope itemtype=\"https:\/\/schema.org\/Organization\">\n\t\t\t<meta itemprop=\"name\" content=\"Agrupaci\u00f3 socialista de Sant Lluis\">\n\t\t\t<span itemprop=\"logo\" itemscope itemtype=\"https:\/\/schema.org\/ImageObject\">\n\t\t\t\t<meta itemprop=\"url\" content=\"https:\/\/www.psib-psoe.org\/menorca\/santlluis\/wp-content\/themes\/notio-wp\/assets\/img\/logo.png\">\n\t\t\t<\/span>\n\t\t\t<meta itemprop=\"url\" content=\"https:\/\/www.psib-psoe.org\/menorca\/santlluis\/\">\n\t\t<\/span>\n\t\t\t\t<span class=\"hide\" itemprop=\"image\" itemscope itemtype=\"http:\/\/schema.org\/ImageObject\">\n\t\t\t<meta itemprop=\"url\" content=\"https:\/\/www.psib-psoe.org\/menorca\/santlluis\/wp-content\/uploads\/ElBxULKXgAk69af.jpg\">\n\t\t\t<meta itemprop=\"width\" content=\"1600\">\n\t\t\t<meta itemprop=\"height\" content=\"1068\">\n\t\t<\/span>\n\t\t\t\t<meta itemscope itemprop=\"mainEntityOfPage\" itemtype=\"https:\/\/schema.org\/WebPage\" itemid=\"https:\/\/www.psib-psoe.org\/menorca\/santlluis\/la-construccio-dhabitatge-public-a-sant-lluis-entre-les-prioritats-dels-socialistes\/\">\n\t<\/aside>\n\t\t<\/article>\n<\/div>\n<div class=\"small-12 large-4 columns\">\n\t<article itemscope itemtype=\"http:\/\/schema.org\/Article\" class=\"post blog-style7 alt post-25212 type-post status-publish format-standard hentry category-sant-lluis\" role=\"article\">\n\t\t<figure class=\"post-gallery\"><\/figure>\n\t\t<div class=\"blog-top\">\n\t\t\t<header class=\"post-title entry-header\">\n\t\t\t\t<aside class=\"post-meta cf\">\n\t\t15\/10\/2020 \/ <a href=\"https:\/\/www.psib-psoe.org\/menorca\/santlluis\/category\/sant-lluis\/\" rel=\"category tag\">Sant Lluis<\/a><\/aside>\n\t\t\t\t<h3 itemprop=\"headline\"><a href=\"https:\/\/www.psib-psoe.org\/menorca\/santlluis\/el-psoe-sant-lluis-dona-suport-a-la-decisio-puntual-de-lajuntament-de-no-optar-a-les-banderes-blaves-de-punta-prima-i-binibequer\/\" title=\"El PSOE Sant Llu\u00eds d\u00f3na suport a la decisi\u00f3 puntual de l\u2019ajuntament de no optar a les banderes blaves de Punta Prima i Binib\u00e8quer\">El PSOE Sant Llu\u00eds d\u00f3na suport a la decisi\u00f3 puntual de l\u2019ajuntament de no optar a les banderes blaves de Punta Prima i Binib\u00e8quer<\/a><\/h3>\n\t\t\t<\/header>\n\t\t<\/div>\n\t\t<div class=\"post-content\">\n\t\t\t<a href=\"https:\/\/www.psib-psoe.org\/menorca\/santlluis\/el-psoe-sant-lluis-dona-suport-a-la-decisio-puntual-de-lajuntament-de-no-optar-a-les-banderes-blaves-de-punta-prima-i-binibequer\/\" class=\"more-link\">Read More<\/a>\n\t\t<\/div>\n\t\t\t<aside class=\"post-bottom-meta hide\">\n\t\t<strong rel=\"author\" itemprop=\"author\" class=\"author vcard\"><span class=\"fn\">santlluis<\/span><\/strong>\n\t\t<time class=\"date published time\" datetime=\"2020-10-15T12:15:31+02:00\" itemprop=\"datePublished\" content=\"2020-10-15T12:15:31+02:00\">15\/10\/2020<\/time>\n\t\t<meta itemprop=\"dateModified\" class=\"date updated\" content=\"2020-10-27T12:07:26+02:00\">\n\t\t<span class=\"hide\" itemprop=\"publisher\" itemscope itemtype=\"https:\/\/schema.org\/Organization\">\n\t\t\t<meta itemprop=\"name\" content=\"Agrupaci\u00f3 socialista de Sant Lluis\">\n\t\t\t<span itemprop=\"logo\" itemscope itemtype=\"https:\/\/schema.org\/ImageObject\">\n\t\t\t\t<meta itemprop=\"url\" content=\"https:\/\/www.psib-psoe.org\/menorca\/santlluis\/wp-content\/themes\/notio-wp\/assets\/img\/logo.png\">\n\t\t\t<\/span>\n\t\t\t<meta itemprop=\"url\" content=\"https:\/\/www.psib-psoe.org\/menorca\/santlluis\/\">\n\t\t<\/span>\n\t\t\t\t<meta itemscope itemprop=\"mainEntityOfPage\" itemtype=\"https:\/\/schema.org\/WebPage\" itemid=\"https:\/\/www.psib-psoe.org\/menorca\/santlluis\/el-psoe-sant-lluis-dona-suport-a-la-decisio-puntual-de-lajuntament-de-no-optar-a-les-banderes-blaves-de-punta-prima-i-binibequer\/\">\n\t<\/aside>\n\t\t<\/article>\n<\/div>\n<div class=\"small-12 large-4 columns\">\n\t<article itemscope itemtype=\"http:\/\/schema.org\/Article\" class=\"post blog-style7 alt post-25208 type-post status-publish format-standard hentry category-sant-lluis\" role=\"article\">\n\t\t<figure class=\"post-gallery\"><\/figure>\n\t\t<div class=\"blog-top\">\n\t\t\t<header class=\"post-title entry-header\">\n\t\t\t\t<aside class=\"post-meta cf\">\n\t\t15\/10\/2020 \/ <a href=\"https:\/\/www.psib-psoe.org\/menorca\/santlluis\/category\/sant-lluis\/\" rel=\"category tag\">Sant Lluis<\/a><\/aside>\n\t\t\t\t<h3 itemprop=\"headline\"><a href=\"https:\/\/www.psib-psoe.org\/menorca\/santlluis\/la-batlessa-carol-marques-passa-a-assumir-larea-durbanitzacions-a-lajuntament-de-sant-lluis\/\" title=\"La batlessa Carol Marqu\u00e8s passa a assumir l\u2019\u00e0rea d\u2019urbanitzacions a l\u2019ajuntament de Sant Llu\u00eds\">La batlessa Carol Marqu\u00e8s passa a assumir l\u2019\u00e0rea d\u2019urbanitzacions a l\u2019ajuntament de Sant Llu\u00eds<\/a><\/h3>\n\t\t\t<\/header>\n\t\t<\/div>\n\t\t<div class=\"post-content\">\n\t\t\t<a href=\"https:\/\/www.psib-psoe.org\/menorca\/santlluis\/la-batlessa-carol-marques-passa-a-assumir-larea-durbanitzacions-a-lajuntament-de-sant-lluis\/\" class=\"more-link\">Read More<\/a>\n\t\t<\/div>\n\t\t\t<aside class=\"post-bottom-meta hide\">\n\t\t<strong rel=\"author\" itemprop=\"author\" class=\"author vcard\"><span class=\"fn\">santlluis<\/span><\/strong>\n\t\t<time class=\"date published time\" datetime=\"2020-10-15T12:13:16+02:00\" itemprop=\"datePublished\" content=\"2020-10-15T12:13:16+02:00\">15\/10\/2020<\/time>\n\t\t<meta itemprop=\"dateModified\" class=\"date updated\" content=\"2020-10-27T12:07:39+02:00\">\n\t\t<span class=\"hide\" itemprop=\"publisher\" itemscope itemtype=\"https:\/\/schema.org\/Organization\">\n\t\t\t<meta itemprop=\"name\" content=\"Agrupaci\u00f3 socialista de Sant Lluis\">\n\t\t\t<span itemprop=\"logo\" itemscope itemtype=\"https:\/\/schema.org\/ImageObject\">\n\t\t\t\t<meta itemprop=\"url\" content=\"https:\/\/www.psib-psoe.org\/menorca\/santlluis\/wp-content\/themes\/notio-wp\/assets\/img\/logo.png\">\n\t\t\t<\/span>\n\t\t\t<meta itemprop=\"url\" content=\"https:\/\/www.psib-psoe.org\/menorca\/santlluis\/\">\n\t\t<\/span>\n\t\t\t\t<meta itemscope itemprop=\"mainEntityOfPage\" itemtype=\"https:\/\/schema.org\/WebPage\" itemid=\"https:\/\/www.psib-psoe.org\/menorca\/santlluis\/la-batlessa-carol-marques-passa-a-assumir-larea-durbanitzacions-a-lajuntament-de-sant-lluis\/\">\n\t<\/aside>\n\t\t<\/article>\n<\/div>\n\t<\/div>\n\t[vc_btn title=&#8221;Not\u00edcies PSOE Menorca&#8221; style=&#8221;outline-custom&#8221; outline_custom_color=&#8221;#e30613&#8243; outline_custom_hover_background=&#8221;#e30613&#8243; outline_custom_hover_text=&#8221;#ffffff&#8221; shape=&#8221;square&#8221; align=&#8221;center&#8221; link=&#8221;url:https%3A%2F%2Fwww.psib-psoe.org%2Fmenorca%2Factualitat%2F||target:%20_blank|&#8221;][vc_raw_html]JTNDYSUyMG5hbWUlM0QlMjJlc3RydWN0dXJhJTIyJTNFJTNDJTJGYSUzRQ==[\/vc_raw_html][\/vc_column][\/vc_row][vc_row css=&#8221;.vc_custom_1546869565288{padding-top: 100px !important;padding-bottom: 50px !important;}&#8221;][vc_column width=&#8221;1\/2&#8243;][vc_column_text]\n<h2 class=\"bold\" style=\"color: #e30613;\">Estructura<\/h2>\n[\/vc_column_text][vc_separator color=&#8221;custom&#8221; align=&#8221;align_left&#8221; border_width=&#8221;3&#8243; el_width=&#8221;20&#8243; accent_color=&#8221;#e30613&#8243; css=&#8221;.vc_custom_1527088328168{padding-top: 10px !important;}&#8221;][vc_empty_space height=&#8221;60px&#8221;][vc_column_text]<strong>La Comissi\u00f3 Executiva Local d&#8217;una agrupaci\u00f3 \u00e9s l&#8217;\u00f2rgan de direcci\u00f3 i execuci\u00f3 de les pol\u00edtiques i resolucions del PSOE al municipi.<\/strong><\/p>\n<p>S&#8217;elegeix per mandats de quatre anys, per part de l&#8217;Assemblea d&#8217;afiliats i afiliades de l&#8217;Agrupaci\u00f3.<\/p>\n<p>La Comissi\u00f3 Executiva Local del PSOE Sant Llu\u00eds est\u00e0 actualment conformada pels seg\u00fcents c\u00e0rrecs i persones:<\/p>\n<p><strong>Carol Marqu\u00e8s<\/strong><\/p>\n<p><em>Secretaria General<\/em><\/p>\n<p><strong>Antoni Garcia<\/strong><\/p>\n<p><em>Secretaria d&#8217;Organitzaci\u00f3<\/em><\/p>\n<p><strong>Silvia P\u00e9rez de la Vega<\/strong><\/p>\n<p><em>Secretaria de Pol\u00edtica Municipal<\/em>[\/vc_column_text][\/vc_column][vc_column width=&#8221;1\/6&#8243; el_class=&#8221;col_vacia&#8221;][\/vc_column][vc_column width=&#8221;1\/3&#8243; el_class=&#8221;top_50&#8243;][vc_empty_space height=&#8221;60px&#8221;][vc_empty_space height=&#8221;70px&#8221;][vc_column_text]\n<h4 class=\"bold\" style=\"color: #e30613;\">Grup municipal<\/h4>\n[\/vc_column_text][vc_empty_space][vc_column_text]<strong>Silvia P\u00e9rez\u00a0<\/strong><\/p>\n<p class=\"p1\"><em>Regidora<\/em><\/p>\n<p><strong>Luis Alcoberro<\/strong><\/p>\n<p class=\"p1\"><em>Regidor<\/em><\/p>\n<p><strong>Alonso Santos<\/strong><\/p>\n<p><em>Regidor<\/em>[\/vc_column_text][vc_empty_space][\/vc_column][\/vc_row][vc_row thb_full_width=&#8221;true&#8221; thb_row_padding=&#8221;true&#8221; css=&#8221;.vc_custom_1579096973482{background-color: #ffffff !important;}&#8221;][vc_column][vc_single_image image=&#8221;25649&#8243; img_size=&#8221;full&#8221; alignment=&#8221;center&#8221;][\/vc_column][\/vc_row][vc_row thb_full_width=&#8221;true&#8221; css=&#8221;.vc_custom_1579096847048{margin-top: 10px !important;background-color: #f6f6f6 !important;}&#8221;][vc_column][vc_column_text css=&#8221;.vc_custom_1527066293940{padding-top: 50px !important;padding-bottom: 30px !important;}&#8221;]\n<h1 class=\"bold\" style=\"text-align: center;\">Suma\u2019t al comprom\u00eds<\/h1>\n<h3 class=\"light\" style=\"text-align: center;\">Com a militant, simpatitzant o com a voluntari<br \/>\nAjuda\u2019ns a construir un futur millor<\/h3>\n[\/vc_column_text][vc_btn title=&#8221;Afilia&#8217;t al partit socialista&#8221; style=&#8221;outline-custom&#8221; outline_custom_color=&#8221;#e30613&#8243; outline_custom_hover_background=&#8221;#e30613&#8243; outline_custom_hover_text=&#8221;#ffffff&#8221; shape=&#8221;square&#8221; align=&#8221;center&#8221; link=&#8221;url:%2Fafiliacio%2F|||&#8221; css=&#8221;.vc_custom_1568224535743{padding-bottom: 40px !important;}&#8221;][\/vc_column][\/vc_row][vc_row thb_full_width=&#8221;true&#8221; disable_element=&#8221;yes&#8221; css=&#8221;.vc_custom_1579096881173{padding-top: 50px !important;padding-bottom: 50px !important;background-color: #efefef !important;}&#8221;][vc_column width=&#8221;2\/12&#8243;][\/vc_column][vc_column width=&#8221;1\/12&#8243;][\/vc_column][vc_column width=&#8221;7\/12&#8243;][\/vc_column][vc_column width=&#8221;2\/12&#8243;][\/vc_column][\/vc_row]\n<\/div>","protected":false},"excerpt":{"rendered":"<p>[vc_row thb_full_width=&#8221;true&#8221; css=&#8221;.vc_custom_1546861511451{background-color: #e30613 !important;}&#8221;][vc_column][vc_column_text css=&#8221;.vc_custom_1600270708682{padding-top: 1% !important;padding-bottom: 1% !important;background-color: #e30613 !important;}&#8221;] Agrupaci\u00f3 socialista de Sant Llu\u00eds [\/vc_column_text][\/vc_column][\/vc_row][vc_row thb_full_width=&#8221;true&#8221;][vc_column][vc_raw_html]JTNDYSUyMG5hbWUlM0QlMjJiZW52aW5ndXRzJTIyJTNFJTNDJTJGYSUzRQ==[\/vc_raw_html][\/vc_column][\/vc_row][vc_row css=&#8221;.vc_custom_1546869663460{padding-top: 100px !important;}&#8221;][vc_column width=&#8221;1\/2&#8243;][vc_column_text] Benvinguts\/des [\/vc_column_text][vc_separator color=&#8221;custom&#8221; align=&#8221;align_left&#8221; border_width=&#8221;3&#8243; el_width=&#8221;20&#8243; accent_color=&#8221;#e30613&#8243; css=&#8221;.vc_custom_1527088328168{padding-top: 10px !important;}&#8221;][vc_empty_space height=&#8221;60px&#8221;][vc_column_text]Benvingut\/da a aquest espai on podr\u00e0s con\u00e8ixer la feina que feim els i les socialistes de Sant Llu\u00eds, aix\u00ed com juntar el&hellip;<\/p>\n","protected":false},"author":1,"featured_media":0,"parent":0,"menu_order":0,"comment_status":"closed","ping_status":"closed","template":"","meta":{"footnotes":""},"class_list":["post-21","page","type-page","status-publish","hentry"],"_links":{"self":[{"href":"https:\/\/www.psib-psoe.org\/menorca\/santlluis\/wp-json\/wp\/v2\/pages\/21"}],"collection":[{"href":"https:\/\/www.psib-psoe.org\/menorca\/santlluis\/wp-json\/wp\/v2\/pages"}],"about":[{"href":"https:\/\/www.psib-psoe.org\/menorca\/santlluis\/wp-json\/wp\/v2\/types\/page"}],"author":[{"embeddable":true,"href":"https:\/\/www.psib-psoe.org\/menorca\/santlluis\/wp-json\/wp\/v2\/users\/1"}],"replies":[{"embeddable":true,"href":"https:\/\/www.psib-psoe.org\/menorca\/santlluis\/wp-json\/wp\/v2\/comments?post=21"}],"version-history":[{"count":5,"href":"https:\/\/www.psib-psoe.org\/menorca\/santlluis\/wp-json\/wp\/v2\/pages\/21\/revisions"}],"predecessor-version":[{"id":25895,"href":"https:\/\/www.psib-psoe.org\/menorca\/santlluis\/wp-json\/wp\/v2\/pages\/21\/revisions\/25895"}],"wp:attachment":[{"href":"https:\/\/www.psib-psoe.org\/menorca\/santlluis\/wp-json\/wp\/v2\/media?parent=21"}],"curies":[{"name":"wp","href":"https:\/\/api.w.org\/{rel}","templated":true}]}}