{"id":25248,"date":"2020-03-23T20:05:33","date_gmt":"2020-03-23T18:05:33","guid":{"rendered":"http:\/\/www.psib-psoe.org\/menorca\/?page_id=25248"},"modified":"2020-03-31T14:14:24","modified_gmt":"2020-03-31T12:14:24","slug":"historia","status":"publish","type":"page","link":"https:\/\/www.psib-psoe.org\/menorca\/historia\/","title":{"rendered":"Hist\u00f2ria"},"content":{"rendered":"<div class=\"wpb-content-wrapper\">[vc_row][vc_column][vc_column_text css=&#8221;.vc_custom_1584986279229{padding-top: 80px !important;}&#8221;]\n<h2 class=\"bold\" style=\"color: #e30613; text-align: left;\">Hist\u00f2ria del PSOE Menorca<\/h2>\n[\/vc_column_text][\/vc_column][\/vc_row][vc_row][vc_column][vc_separator color=&#8221;custom&#8221; align=&#8221;align_left&#8221; border_width=&#8221;3&#8243; el_width=&#8221;10&#8243; accent_color=&#8221;#e30613&#8243;][vc_empty_space][\/vc_column][\/vc_row][vc_row][vc_column][vc_column_text]El Partit Socialista Obrer Espanyol es va fundar clandestinament, el 2 de maig de 1879, al voltant d\u2019un nucli d\u2019obrers i intel\u00b7lectuals encap\u00e7alats per Pablo Iglesias. En 1913 es va fundar la Federaci\u00f3 Socialista Balear del PSOE, i a Menorca, es va organitzar la Uni\u00f3 Socialista Menorquina, el mar\u00e7 de 1930. El primer Comit\u00e8 executiu va estar presidit per Guillermo Triay Mus, mentre que V\u00edctor Rotger Pons en va ser el secretari.<\/p>\n<p><img loading=\"lazy\" decoding=\"async\" class=\"alignleft wp-image-25314\" src=\"http:\/\/www.psib-psoe.org\/menorca\/wp-content\/uploads\/logo-yunque-300x300.png\" alt=\"\" width=\"200\" height=\"200\" srcset=\"https:\/\/www.psib-psoe.org\/menorca\/wp-content\/uploads\/logo-yunque-300x299.png 300w, https:\/\/www.psib-psoe.org\/menorca\/wp-content\/uploads\/logo-yunque-150x150.png 150w, https:\/\/www.psib-psoe.org\/menorca\/wp-content\/uploads\/logo-yunque-20x20.png 20w, https:\/\/www.psib-psoe.org\/menorca\/wp-content\/uploads\/logo-yunque.png 585w\" sizes=\"(max-width: 200px) 100vw, 200px\" \/>Uns anys abans, el 24 d\u2019octubre de 1919, s\u2019havia constitu\u00eft l\u2019agrupaci\u00f3 socialista de Ma\u00f3, la primera agrupaci\u00f3 local de l\u2019illa, amb la qual va tenir lloc l\u2019inici del socialisme organitzat a Menorca. L\u2019assemblea de constituci\u00f3 es va celebrar a la Casa del Poble i va escollir Guillermo Triay com a president, Jos\u00e9 Mercadal com a vicepresident, Francisco Mercadal com a secretari i V\u00edctor Rotger com a vicesecretari. La de Sant Llu\u00eds es va constituir el 1920, es va disoldre un any despr\u00e9s, i es va reorganitzar en 1931. Aquest any es van constituir, tamb\u00e9, les agrupacions de Ciutadella i es Castell, mentre que la des Mercadal i Fornells t\u00e9 data de 1933, la de Ferreries en 1936, i es Migjorn, en 1937.<\/p>\n<p>L\u2019agost de 1933 es va constituir la Joventut Socialista de Ma\u00f3, el primer comit\u00e8 executiu de la qual va estar format per Darwin Pons Pons, Juan Mercadal Go\u00f1alons, Juan L\u00f3pez Morillo, Miguel Gomila Cardona, Zo\u00e9 Garc\u00eda Terr\u00e9s, Gaspar Melsi\u00f3n Pons, Luciano Beltr\u00e1n Obercie, Ocean\u00eda Marqu\u00e9s Mesquida i Margarita Gomila Ferrer.<img loading=\"lazy\" decoding=\"async\" class=\"alignright wp-image-25254\" src=\"http:\/\/www.psib-psoe.org\/menorca\/wp-content\/uploads\/Presentacio-dels-candidats-del-PSOE-presidit-per-Felipe-Gonzalez-300x209.jpg\" alt=\"\" width=\"325\" height=\"226\" srcset=\"https:\/\/www.psib-psoe.org\/menorca\/wp-content\/uploads\/Presentacio-dels-candidats-del-PSOE-presidit-per-Felipe-Gonzalez-300x209.jpg 300w, https:\/\/www.psib-psoe.org\/menorca\/wp-content\/uploads\/Presentacio-dels-candidats-del-PSOE-presidit-per-Felipe-Gonzalez-768x534.jpg 768w, https:\/\/www.psib-psoe.org\/menorca\/wp-content\/uploads\/Presentacio-dels-candidats-del-PSOE-presidit-per-Felipe-Gonzalez-1024x712.jpg 1024w, https:\/\/www.psib-psoe.org\/menorca\/wp-content\/uploads\/Presentacio-dels-candidats-del-PSOE-presidit-per-Felipe-Gonzalez-150x104.jpg 150w, https:\/\/www.psib-psoe.org\/menorca\/wp-content\/uploads\/Presentacio-dels-candidats-del-PSOE-presidit-per-Felipe-Gonzalez-600x417.jpg 600w, https:\/\/www.psib-psoe.org\/menorca\/wp-content\/uploads\/Presentacio-dels-candidats-del-PSOE-presidit-per-Felipe-Gonzalez-900x626.jpg 900w, https:\/\/www.psib-psoe.org\/menorca\/wp-content\/uploads\/Presentacio-dels-candidats-del-PSOE-presidit-per-Felipe-Gonzalez-20x13.jpg 20w, https:\/\/www.psib-psoe.org\/menorca\/wp-content\/uploads\/Presentacio-dels-candidats-del-PSOE-presidit-per-Felipe-Gonzalez.jpg 1495w\" sizes=\"(max-width: 325px) 100vw, 325px\" \/><\/p>\n<p>Han passat m\u00e9s de 130 anys i el Partit Socialista t\u00e9 m\u00e9s de mig mili\u00f3 d\u2019afiliats: persones de tots els \u00e0mbits unides pels valors d\u2019igualtat, just\u00edcia, solidaritat i llibertat, amb un mateix objectiu: \u201cel canvi i la transformaci\u00f3 social mitjan\u00e7ant pol\u00edtiques d\u2019esquerres.\u201d<\/p>\n<p>A les eleccions municipals del 8 de febrer de 1920, el partit socialista va presentar sis candidats, que van ser els germans Jos\u00e9 i Francisco Mercadal, Guillermo Triay, Antonio Gomila, Bartolom\u00e9 J. Blanco i Francisco Pons Carreras. Contra tot pron\u00f2stic, el PSOE va obtenir 514 vots i el lloc de regidor de Ma\u00f3 per a Francisco Pons Carreras.<\/p>\n<p>Des de llavors, els i les socialistes han estat presents en major o menor nombre en les institucions de Menorca, defensant els interessos generals de la ciutadania amb honradesa i efic\u00e0cia.[\/vc_column_text][\/vc_column][\/vc_row][vc_row][vc_column][vc_empty_space][\/vc_column][\/vc_row]\n<\/div>","protected":false},"excerpt":{"rendered":"<p>[vc_row][vc_column][vc_column_text css=&#8221;.vc_custom_1584986279229{padding-top: 80px !important;}&#8221;] Hist\u00f2ria del PSOE Menorca [\/vc_column_text][\/vc_column][\/vc_row][vc_row][vc_column][vc_separator color=&#8221;custom&#8221; align=&#8221;align_left&#8221; border_width=&#8221;3&#8243; el_width=&#8221;10&#8243; accent_color=&#8221;#e30613&#8243;][vc_empty_space][\/vc_column][\/vc_row][vc_row][vc_column][vc_column_text]El Partit Socialista Obrer Espanyol es va fundar clandestinament, el 2 de maig de 1879, al voltant d\u2019un nucli d\u2019obrers i intel\u00b7lectuals encap\u00e7alats per Pablo Iglesias. En 1913 es va fundar la Federaci\u00f3 Socialista Balear del PSOE, i a Menorca, es va&hellip;<\/p>\n","protected":false},"author":6,"featured_media":0,"parent":0,"menu_order":0,"comment_status":"closed","ping_status":"closed","template":"","meta":{"footnotes":""},"class_list":["post-25248","page","type-page","status-publish","hentry"],"_links":{"self":[{"href":"https:\/\/www.psib-psoe.org\/menorca\/wp-json\/wp\/v2\/pages\/25248"}],"collection":[{"href":"https:\/\/www.psib-psoe.org\/menorca\/wp-json\/wp\/v2\/pages"}],"about":[{"href":"https:\/\/www.psib-psoe.org\/menorca\/wp-json\/wp\/v2\/types\/page"}],"author":[{"embeddable":true,"href":"https:\/\/www.psib-psoe.org\/menorca\/wp-json\/wp\/v2\/users\/6"}],"replies":[{"embeddable":true,"href":"https:\/\/www.psib-psoe.org\/menorca\/wp-json\/wp\/v2\/comments?post=25248"}],"version-history":[{"count":0,"href":"https:\/\/www.psib-psoe.org\/menorca\/wp-json\/wp\/v2\/pages\/25248\/revisions"}],"wp:attachment":[{"href":"https:\/\/www.psib-psoe.org\/menorca\/wp-json\/wp\/v2\/media?parent=25248"}],"curies":[{"name":"wp","href":"https:\/\/api.w.org\/{rel}","templated":true}]}}