{"id":25599,"date":"2020-07-02T14:44:29","date_gmt":"2020-07-02T12:44:29","guid":{"rendered":"http:\/\/www.psib-psoe.org\/menorca\/?page_id=25599"},"modified":"2021-05-19T18:54:25","modified_gmt":"2021-05-19T16:54:25","slug":"programa-centenari","status":"publish","type":"page","link":"https:\/\/www.psib-psoe.org\/menorca\/programa-centenari\/","title":{"rendered":"Agenda d&#8217;actes"},"content":{"rendered":"<div class=\"wpb-content-wrapper\">[vc_row][vc_column][vc_column_text css=&#8221;.vc_custom_1593692975188{padding-top: 80px !important;}&#8221;]\n<h2 class=\"bold\" style=\"color: #e30613; text-align: left;\">Agenda d&#8217;actes<\/h2>\n[\/vc_column_text][\/vc_column][\/vc_row][vc_row][vc_column][vc_separator color=&#8221;custom&#8221; align=&#8221;align_left&#8221; border_width=&#8221;3&#8243; el_width=&#8221;10&#8243; accent_color=&#8221;#e30613&#8243;][vc_empty_space height=&#8221;60px&#8221;][vc_empty_space height=&#8221;60px&#8221;][\/vc_column][\/vc_row][vc_row][vc_column][vc_column_text]\n<h4><strong>Exposici\u00f3 amb col\u00b7laboraci\u00f3 amb la Biblioteca P\u00fablica de Ma\u00f3: <\/strong>\u201c100 anys del PSOE a Menorca, a trav\u00e9s de la premsa\u201d<\/h4>\n<p>Fins el 31 de maig<\/p>\n<p>&nbsp;<\/p>\n<h4><strong>Cicle de confer\u00e8ncies sobre la fundaci\u00f3 del PSOE a Menorca amb la col\u00b7laboraci\u00f3 de l&#8217;Ateneu de Ma\u00f3:<\/strong><\/h4>\n<p><strong>Aurelio Mart\u00edn N\u00e1jera<\/strong>: El paper transformador del PSOE a la societat espanyola &#8211; <strong>Presenta<\/strong>: Susana Mora<\/p>\n<p><strong>Josep M. Quintana<\/strong>: Context hist\u00f2ric del sorgiment del PSOE a Ma\u00f3 a Menorca &#8211; <strong>Presenta<\/strong>: H\u00e9ctor Pons<\/p>\n<p><strong>Josep Portella<\/strong>: 100 anys de socialisme organitzat a Menorca i els seus fundadors &#8211; <strong>Presenta<\/strong>: Dami\u00e0 Borr\u00e0s<\/p>\n<h4><\/h4>\n<h4><strong>Acte cent<\/strong><strong>ral del centenari.<\/strong><\/h4>\n[\/vc_column_text][\/vc_column][\/vc_row][vc_row][vc_column][vc_empty_space height=&#8221;50px&#8221;][vc_empty_space height=&#8221;50px&#8221;][\/vc_column][\/vc_row]\n<\/div>","protected":false},"excerpt":{"rendered":"<p>[vc_row][vc_column][vc_column_text css=&#8221;.vc_custom_1593692975188{padding-top: 80px !important;}&#8221;] Agenda d&#8217;actes [\/vc_column_text][\/vc_column][\/vc_row][vc_row][vc_column][vc_separator color=&#8221;custom&#8221; align=&#8221;align_left&#8221; border_width=&#8221;3&#8243; el_width=&#8221;10&#8243; accent_color=&#8221;#e30613&#8243;][vc_empty_space height=&#8221;60px&#8221;][vc_empty_space height=&#8221;60px&#8221;][\/vc_column][\/vc_row][vc_row][vc_column][vc_column_text] Exposici\u00f3 amb col\u00b7laboraci\u00f3 amb la Biblioteca P\u00fablica de Ma\u00f3: \u201c100 anys del PSOE a Menorca, a trav\u00e9s de la premsa\u201d Fins el 31 de maig &nbsp; Cicle de confer\u00e8ncies sobre la fundaci\u00f3 del PSOE a Menorca amb la col\u00b7laboraci\u00f3 de l&#8217;Ateneu&hellip;<\/p>\n","protected":false},"author":6,"featured_media":0,"parent":0,"menu_order":0,"comment_status":"closed","ping_status":"closed","template":"","meta":{"footnotes":""},"class_list":["post-25599","page","type-page","status-publish","hentry"],"_links":{"self":[{"href":"https:\/\/www.psib-psoe.org\/menorca\/wp-json\/wp\/v2\/pages\/25599"}],"collection":[{"href":"https:\/\/www.psib-psoe.org\/menorca\/wp-json\/wp\/v2\/pages"}],"about":[{"href":"https:\/\/www.psib-psoe.org\/menorca\/wp-json\/wp\/v2\/types\/page"}],"author":[{"embeddable":true,"href":"https:\/\/www.psib-psoe.org\/menorca\/wp-json\/wp\/v2\/users\/6"}],"replies":[{"embeddable":true,"href":"https:\/\/www.psib-psoe.org\/menorca\/wp-json\/wp\/v2\/comments?post=25599"}],"version-history":[{"count":0,"href":"https:\/\/www.psib-psoe.org\/menorca\/wp-json\/wp\/v2\/pages\/25599\/revisions"}],"wp:attachment":[{"href":"https:\/\/www.psib-psoe.org\/menorca\/wp-json\/wp\/v2\/media?parent=25599"}],"curies":[{"name":"wp","href":"https:\/\/api.w.org\/{rel}","templated":true}]}}