{"id":25626,"date":"2020-07-06T10:26:39","date_gmt":"2020-07-06T08:26:39","guid":{"rendered":"http:\/\/www.psib-psoe.org\/menorca\/?page_id=25626"},"modified":"2020-07-07T13:48:51","modified_gmt":"2020-07-07T11:48:51","slug":"galeria","status":"publish","type":"page","link":"https:\/\/www.psib-psoe.org\/menorca\/galeria\/","title":{"rendered":"Galeria de fotos"},"content":{"rendered":"<div class=\"wpb-content-wrapper\">[vc_row][vc_column][vc_column_text css=&#8221;.vc_custom_1594023747013{padding-top: 80px !important;}&#8221;]\n<h2 class=\"bold\" style=\"color: #e30613; text-align: left;\">Galeria fotogr\u00e0fica<\/h2>\n[\/vc_column_text][\/vc_column][\/vc_row][vc_row][vc_column][vc_separator color=&#8221;custom&#8221; align=&#8221;align_left&#8221; border_width=&#8221;3&#8243; el_width=&#8221;10&#8243; accent_color=&#8221;#e30613&#8243;][vc_empty_space height=&#8221;60px&#8221;][vc_empty_space height=&#8221;60px&#8221;][\/vc_column][\/vc_row][vc_row][vc_column][vc_column_text]\n<h3>Mirar la hist\u00f2ria<\/h3>\n<p>Aquest \u00e0lbum de fotos hist\u00f2riques ens mostra diferents moments clau d&#8217;aquests 100 anys d&#8217;hist\u00f2ria.[\/vc_column_text][vc_empty_space][vc_gallery interval=&#8221;3&#8243; images=&#8221;25643,25644,25642,25641,25640,25639,25638,25631,25632,25633,25634,25635,25636,25637,25630,25629,25651,25652,25653&#8243; img_size=&#8221;full&#8221;][\/vc_column][\/vc_row][vc_row][vc_column][vc_empty_space height=&#8221;50px&#8221;][vc_empty_space height=&#8221;50px&#8221;][\/vc_column][\/vc_row]\n<\/div>","protected":false},"excerpt":{"rendered":"<p>[vc_row][vc_column][vc_column_text css=&#8221;.vc_custom_1594023747013{padding-top: 80px !important;}&#8221;] Galeria fotogr\u00e0fica [\/vc_column_text][\/vc_column][\/vc_row][vc_row][vc_column][vc_separator color=&#8221;custom&#8221; align=&#8221;align_left&#8221; border_width=&#8221;3&#8243; el_width=&#8221;10&#8243; accent_color=&#8221;#e30613&#8243;][vc_empty_space height=&#8221;60px&#8221;][vc_empty_space height=&#8221;60px&#8221;][\/vc_column][\/vc_row][vc_row][vc_column][vc_column_text] Mirar la hist\u00f2ria Aquest \u00e0lbum de fotos hist\u00f2riques ens mostra diferents moments clau d&#8217;aquests 100 anys d&#8217;hist\u00f2ria.[\/vc_column_text][vc_empty_space][vc_gallery interval=&#8221;3&#8243; images=&#8221;25643,25644,25642,25641,25640,25639,25638,25631,25632,25633,25634,25635,25636,25637,25630,25629,25651,25652,25653&#8243; img_size=&#8221;full&#8221;][\/vc_column][\/vc_row][vc_row][vc_column][vc_empty_space height=&#8221;50px&#8221;][vc_empty_space height=&#8221;50px&#8221;][\/vc_column][\/vc_row]<\/p>\n","protected":false},"author":6,"featured_media":0,"parent":0,"menu_order":0,"comment_status":"closed","ping_status":"closed","template":"","meta":{"footnotes":""},"class_list":["post-25626","page","type-page","status-publish","hentry"],"_links":{"self":[{"href":"https:\/\/www.psib-psoe.org\/menorca\/wp-json\/wp\/v2\/pages\/25626"}],"collection":[{"href":"https:\/\/www.psib-psoe.org\/menorca\/wp-json\/wp\/v2\/pages"}],"about":[{"href":"https:\/\/www.psib-psoe.org\/menorca\/wp-json\/wp\/v2\/types\/page"}],"author":[{"embeddable":true,"href":"https:\/\/www.psib-psoe.org\/menorca\/wp-json\/wp\/v2\/users\/6"}],"replies":[{"embeddable":true,"href":"https:\/\/www.psib-psoe.org\/menorca\/wp-json\/wp\/v2\/comments?post=25626"}],"version-history":[{"count":0,"href":"https:\/\/www.psib-psoe.org\/menorca\/wp-json\/wp\/v2\/pages\/25626\/revisions"}],"wp:attachment":[{"href":"https:\/\/www.psib-psoe.org\/menorca\/wp-json\/wp\/v2\/media?parent=25626"}],"curies":[{"name":"wp","href":"https:\/\/api.w.org\/{rel}","templated":true}]}}